{"id":16499,"date":"2018-05-31T16:13:29","date_gmt":"2018-05-31T14:13:29","guid":{"rendered":"http:\/\/cfpmaresme.org\/qui-som\/"},"modified":"2026-02-04T16:19:49","modified_gmt":"2026-02-04T14:19:49","slug":"la-fundacion","status":"publish","type":"page","link":"https:\/\/cfpmaresme.org\/es\/la-fundacion\/","title":{"rendered":"Qui\u00e9nes somos"},"content":{"rendered":"<div class=\"wpb-content-wrapper\"><p>[vc_row css_animation=\u00bb\u00bb row_type=\u00bbrow\u00bb use_row_as_full_screen_section=\u00bbno\u00bb type=\u00bbfull_width\u00bb angled_section=\u00bbno\u00bb text_align=\u00bbleft\u00bb background_image_as_pattern=\u00bbwithout_pattern\u00bb][vc_column][vc_column_text]<\/p>\n<h2>El CFP<\/h2>\n<p>[\/vc_column_text][vc_column_text css=\u00bb\u00bb]El CFP es una <b>fundaci\u00f3n <\/b>que ha participado desde 1979 en programas de <strong>atenci\u00f3n especializada en colectivos en riesgo de exclusi\u00f3n social<\/strong> en la comarca del Maresme.[\/vc_column_text][vc_empty_space height=\u00bb15px\u00bb][vc_row_inner row_type=\u00bbrow\u00bb type=\u00bbfull_width\u00bb text_align=\u00bbleft\u00bb css_animation=\u00bb\u00bb][vc_column_inner width=\u00bb4\/12&#8243;][vc_single_image image=\u00bb95128&#8243; img_size=\u00bblarge\u00bb css=\u00bb\u00bb qode_css_animation=\u00bb\u00bb][\/vc_column_inner][vc_column_inner width=\u00bb8\/12&#8243;][vc_column_text]El CFP forma parte del <strong>Sistema Integrat de Salut del Maresme Central<\/strong>, con la misi\u00f3n de ofrecer unos servicios con una buena calidad, cerca del ciudadano, <strong>con eficiencia y equidad<\/strong>.<\/p>\n<p>&nbsp;<\/p>\n<p>Con el fin de desarrollar nuestra actividad, las <strong>administraciones p\u00fablicas y privadas<\/strong> nos dan el <strong>apoyo<\/strong> necesario y <strong>aportan una financiaci\u00f3n<\/strong> espec\u00edfica para los diferentes servicios y programas.[\/vc_column_text][\/vc_column_inner][\/vc_row_inner][vc_empty_space height=\u00bb20px\u00bb][vc_separator type=\u00bbnormal\u00bb][vc_empty_space height=\u00bb20px\u00bb][vc_column_text css=\u00bb\u00bb]<\/p>\n<h2>Organigrama de la Fundaci\u00f3n<\/h2>\n<p>[\/vc_column_text][vc_row_inner row_type=\u00bbrow\u00bb type=\u00bbfull_width\u00bb text_align=\u00bbleft\u00bb css_animation=\u00bb\u00bb el_class=\u00bbcronologia-fila\u00bb][vc_column_inner][vc_empty_space height=\u00bb20px\u00bb][vc_gallery type=\u00bbimage_grid\u00bb images=\u00bb112423&#8243; img_size=\u00bblarge\u00bb onclick=\u00bbimg_link_large\u00bb custom_links_target=\u00bb_blank\u00bb css=\u00bb\u00bb column_number=\u00bb0&#8243; grayscale=\u00bbno\u00bb images_space=\u00bbgallery_without_space\u00bb][\/vc_column_inner][\/vc_row_inner][vc_empty_space height=\u00bb40px\u00bb][vc_separator type=\u00bbnormal\u00bb][vc_empty_space height=\u00bb20px\u00bb][vc_column_text css=\u00bb\u00bb]<\/p>\n<h2>45 a\u00f1os en datos<\/h2>\n<p>[\/vc_column_text][vc_empty_space height=\u00bb20px\u00bb][vc_row_inner row_type=\u00bbrow\u00bb type=\u00bbfull_width\u00bb text_align=\u00bbleft\u00bb css_animation=\u00bb\u00bb el_class=\u00bbcronologia-fila\u00bb][vc_column_inner width=\u00bb5\/12&#8243;][vc_column_text css=\u00bb\u00bb]<\/p>\n<p style=\"text-align: right;\">El Centre de Formaci\u00f3 i Prevenci\u00f3 deviene una <strong>Fundaci\u00f3n<\/strong><\/p>\n<p>[\/vc_column_text][\/vc_column_inner][vc_column_inner width=\u00bb2\/12&#8243;][vc_column_text css=\u00bb\u00bb]<span class=\"cronologia-any\">2024<\/span>[\/vc_column_text][\/vc_column_inner][vc_column_inner width=\u00bb5\/12&#8243;][\/vc_column_inner][\/vc_row_inner][vc_row_inner row_type=\u00bbrow\u00bb type=\u00bbfull_width\u00bb text_align=\u00bbleft\u00bb css_animation=\u00bb\u00bb el_class=\u00bbcronologia-fila\u00bb][vc_column_inner width=\u00bb5\/12&#8243;][\/vc_column_inner][vc_column_inner width=\u00bb2\/12&#8243;][vc_column_text]<span class=\"cronologia-any\">2019<\/span>[\/vc_column_text][\/vc_column_inner][vc_column_inner width=\u00bb5\/12&#8243;][vc_column_text]<\/p>\n<p style=\"text-align: left;\"><strong>El CFP cumple 40 a\u00f1os<\/strong> al servicio de la ciudadania<\/p>\n<p>[\/vc_column_text][\/vc_column_inner][\/vc_row_inner][vc_row_inner row_type=\u00bbrow\u00bb type=\u00bbfull_width\u00bb text_align=\u00bbleft\u00bb css_animation=\u00bb\u00bb el_class=\u00bbcronologia-fila\u00bb][vc_column_inner width=\u00bb5\/12&#8243;][vc_column_text]<\/p>\n<p style=\"text-align: right;\">Inicia su actividad como <strong>Agencia de Colocaci\u00f3n<\/strong> autoritzada<\/p>\n<p>[\/vc_column_text][\/vc_column_inner][vc_column_inner width=\u00bb2\/12&#8243;][vc_column_text]<span class=\"cronologia-any\">2011<\/span>[\/vc_column_text][\/vc_column_inner][vc_column_inner width=\u00bb5\/12&#8243;][\/vc_column_inner][\/vc_row_inner][vc_row_inner row_type=\u00bbrow\u00bb type=\u00bbfull_width\u00bb text_align=\u00bbleft\u00bb css_animation=\u00bb\u00bb el_class=\u00bbcronologia-fila\u00bb][vc_column_inner width=\u00bb5\/12&#8243;][\/vc_column_inner][vc_column_inner width=\u00bb2\/12&#8243;][vc_column_text]<span class=\"cronologia-any\">2008<\/span>[\/vc_column_text][\/vc_column_inner][vc_column_inner width=\u00bb5\/12&#8243;][vc_column_text]<strong>Nace<\/strong> el Centre Especial de Treball <strong>La Klosca<\/strong>[\/vc_column_text][\/vc_column_inner][\/vc_row_inner][vc_row_inner row_type=\u00bbrow\u00bb type=\u00bbfull_width\u00bb text_align=\u00bbleft\u00bb css_animation=\u00bb\u00bb el_class=\u00bbcronologia-fila\u00bb][vc_column_inner width=\u00bb5\/12&#8243;][vc_column_text]<\/p>\n<p style=\"text-align: right;\">Se inaugura el <b>Servicio de Rehabilitaci\u00f3n Comunitaria Burriac <\/b>en Premi\u00e0 de Mar<\/p>\n<p>[\/vc_column_text][\/vc_column_inner][vc_column_inner width=\u00bb2\/12&#8243;][vc_column_text]<span class=\"cronologia-any\">2002<\/span>[\/vc_column_text][\/vc_column_inner][vc_column_inner width=\u00bb5\/12&#8243;][\/vc_column_inner][\/vc_row_inner][vc_row_inner row_type=\u00bbrow\u00bb type=\u00bbfull_width\u00bb text_align=\u00bbleft\u00bb css_animation=\u00bb\u00bb el_class=\u00bbcronologia-fila\u00bb][vc_column_inner width=\u00bb5\/12&#8243;][\/vc_column_inner][vc_column_inner width=\u00bb2\/12&#8243;][vc_column_text]<span class=\"cronologia-any\">1996<\/span>[\/vc_column_text][\/vc_column_inner][vc_column_inner width=\u00bb5\/12&#8243;][vc_column_text]<\/p>\n<p style=\"text-align: left;\"><strong>Recibe la Placa al Trabajo Francesc Maci\u00e0<\/strong> de la Generalitat de Catalu\u00f1a<\/p>\n<p>[\/vc_column_text][\/vc_column_inner][\/vc_row_inner][vc_row_inner row_type=\u00bbrow\u00bb type=\u00bbfull_width\u00bb text_align=\u00bbleft\u00bb css_animation=\u00bb\u00bb el_class=\u00bbcronologia-fila\u00bb][vc_column_inner width=\u00bb5\/12&#8243;][vc_column_text]<\/p>\n<p style=\"text-align: right;\">Se inaugura el <b>Servicio de Rehabilitaci\u00f3n Comunitaria Maresme <\/b>en Matar\u00f3<\/p>\n<p>[\/vc_column_text][\/vc_column_inner][vc_column_inner width=\u00bb2\/12&#8243;][vc_column_text]<span class=\"cronologia-any\">1992<\/span>[\/vc_column_text][\/vc_column_inner][vc_column_inner width=\u00bb5\/12&#8243;][\/vc_column_inner][\/vc_row_inner][vc_row_inner row_type=\u00bbrow\u00bb type=\u00bbfull_width\u00bb text_align=\u00bbleft\u00bb css_animation=\u00bb\u00bb el_class=\u00bbcronologia-fila\u00bb][vc_column_inner width=\u00bb5\/12&#8243;][\/vc_column_inner][vc_column_inner width=\u00bb2\/12&#8243;][vc_column_text]<span class=\"cronologia-any\">1985<\/span>[\/vc_column_text][\/vc_column_inner][vc_column_inner width=\u00bb5\/12&#8243;][vc_column_text]<strong>Entra en funcionamiento el CRAE<\/strong> Mas Sant Jordi[\/vc_column_text][\/vc_column_inner][\/vc_row_inner][vc_row_inner row_type=\u00bbrow\u00bb type=\u00bbfull_width\u00bb text_align=\u00bbleft\u00bb css_animation=\u00bb\u00bb el_class=\u00bbcronologia-fila\u00bb][vc_column_inner width=\u00bb5\/12&#8243;][vc_column_text]<\/p>\n<p style=\"text-align: right;\">Es declarada <strong>Entidad de Utilidad P\u00fablica<\/strong><\/p>\n<p>[\/vc_column_text][\/vc_column_inner][vc_column_inner width=\u00bb2\/12&#8243;][vc_column_text]<span class=\"cronologia-any\">1983<\/span>[\/vc_column_text][\/vc_column_inner][vc_column_inner width=\u00bb5\/12&#8243;][\/vc_column_inner][\/vc_row_inner][vc_row_inner row_type=\u00bbrow\u00bb type=\u00bbfull_width\u00bb text_align=\u00bbleft\u00bb css_animation=\u00bb\u00bb el_class=\u00bbcronologia-fila\u00bb][vc_column_inner width=\u00bb5\/12&#8243;][\/vc_column_inner][vc_column_inner width=\u00bb2\/12&#8243;][vc_column_text]<span class=\"cronologia-any\">1982<\/span>[\/vc_column_text][\/vc_column_inner][vc_column_inner width=\u00bb5\/12&#8243;][vc_column_text]<span class=\"cronologia-text\"><strong>Se inicia el programa<\/strong> de talleres de formaci\u00f3n ocupacional para j\u00f3venes, que a\u00fan se mantiene a d\u00eda de hoy <\/span>[\/vc_column_text][\/vc_column_inner][\/vc_row_inner][vc_row_inner row_type=\u00bbrow\u00bb type=\u00bbfull_width\u00bb text_align=\u00bbleft\u00bb css_animation=\u00bb\u00bb el_class=\u00bbcronologia-fila\u00bb][vc_column_inner width=\u00bb5\/12&#8243;][vc_column_text]<\/p>\n<p style=\"text-align: right;\"><span class=\"cronologia-text\"><strong>Se funda<\/strong> la Asociaci\u00f3n CFP en Matar\u00f3 <\/span><\/p>\n<p>[\/vc_column_text][\/vc_column_inner][vc_column_inner width=\u00bb2\/12&#8243;][vc_column_text]<span class=\"cronologia-any\">1979<\/span>[\/vc_column_text][\/vc_column_inner][vc_column_inner width=\u00bb5\/12&#8243;][\/vc_column_inner][\/vc_row_inner][vc_empty_space height=\u00bb64px\u00bb][\/vc_column][\/vc_row]<\/p>\n<\/div>","protected":false},"excerpt":{"rendered":"<p>[vc_row css_animation=\u00bb\u00bb row_type=\u00bbrow\u00bb use_row_as_full_screen_section=\u00bbno\u00bb type=\u00bbfull_width\u00bb angled_section=\u00bbno\u00bb text_align=\u00bbleft\u00bb background_image_as_pattern=\u00bbwithout_pattern\u00bb][vc_column][vc_column_text] El CFP [\/vc_column_text][vc_column_text css=\u00bb\u00bb]El CFP es una fundaci\u00f3n que ha participado desde 1979 en programas de atenci\u00f3n especializada en colectivos en riesgo de exclusi\u00f3n social en la comarca del Maresme.[\/vc_column_text][vc_empty_space height=\u00bb15px\u00bb][vc_row_inner row_type=\u00bbrow\u00bb type=\u00bbfull_width\u00bb text_align=\u00bbleft\u00bb css_animation=\u00bb\u00bb][vc_column_inner width=\u00bb4\/12&#8243;][vc_single_image image=\u00bb95128&#8243;&#8230;<\/p>\n","protected":false},"author":1,"featured_media":0,"parent":0,"menu_order":0,"comment_status":"closed","ping_status":"closed","template":"","meta":{"footnotes":""},"class_list":["post-16499","page","type-page","status-publish","hentry"],"yoast_head":"<!-- This site is optimized with the Yoast SEO plugin v25.2 - https:\/\/yoast.com\/wordpress\/plugins\/seo\/ -->\n<title>Qui\u00e9nes somos | CFP Maresme<\/title>\n<meta name=\"robots\" content=\"index, follow, max-snippet:-1, max-image-preview:large, max-video-preview:-1\" \/>\n<link rel=\"canonical\" href=\"https:\/\/cfpmaresme.org\/es\/la-fundacion\/\" \/>\n<meta property=\"og:locale\" content=\"es_ES\" \/>\n<meta property=\"og:type\" content=\"article\" \/>\n<meta property=\"og:title\" content=\"Qui\u00e9nes somos | CFP Maresme\" \/>\n<meta property=\"og:description\" content=\"[vc_row css_animation=\u00bb\u00bb row_type=\u00bbrow\u00bb use_row_as_full_screen_section=\u00bbno\u00bb type=\u00bbfull_width\u00bb angled_section=\u00bbno\u00bb text_align=\u00bbleft\u00bb background_image_as_pattern=\u00bbwithout_pattern\u00bb][vc_column][vc_column_text] El CFP [\/vc_column_text][vc_column_text css=\u00bb\u00bb]El CFP es una fundaci\u00f3n que ha participado desde 1979 en programas de atenci\u00f3n especializada en colectivos en riesgo de exclusi\u00f3n social en la comarca del Maresme.[\/vc_column_text][vc_empty_space height=\u00bb15px\u00bb][vc_row_inner row_type=\u00bbrow\u00bb type=\u00bbfull_width\u00bb text_align=\u00bbleft\u00bb css_animation=\u00bb\u00bb][vc_column_inner width=\u00bb4\/12&#8243;][vc_single_image image=\u00bb95128&#8243;...\" \/>\n<meta property=\"og:url\" content=\"https:\/\/cfpmaresme.org\/es\/la-fundacion\/\" \/>\n<meta property=\"og:site_name\" content=\"CFP Maresme\" \/>\n<meta property=\"article:modified_time\" content=\"2026-02-04T14:19:49+00:00\" \/>\n<meta name=\"twitter:card\" content=\"summary_large_image\" \/>\n<meta name=\"twitter:site\" content=\"@cfpmaresme\" \/>\n<meta name=\"twitter:label1\" content=\"Tiempo de lectura\" \/>\n\t<meta name=\"twitter:data1\" content=\"3 minutos\" \/>\n<script type=\"application\/ld+json\" class=\"yoast-schema-graph\">{\"@context\":\"https:\/\/schema.org\",\"@graph\":[{\"@type\":\"WebPage\",\"@id\":\"https:\/\/cfpmaresme.org\/es\/la-fundacion\/\",\"url\":\"https:\/\/cfpmaresme.org\/es\/la-fundacion\/\",\"name\":\"Qui\u00e9nes somos | CFP Maresme\",\"isPartOf\":{\"@id\":\"https:\/\/cfpmaresme.org\/#website\"},\"datePublished\":\"2018-05-31T14:13:29+00:00\",\"dateModified\":\"2026-02-04T14:19:49+00:00\",\"breadcrumb\":{\"@id\":\"https:\/\/cfpmaresme.org\/es\/la-fundacion\/#breadcrumb\"},\"inLanguage\":\"es\",\"potentialAction\":[{\"@type\":\"ReadAction\",\"target\":[\"https:\/\/cfpmaresme.org\/es\/la-fundacion\/\"]}]},{\"@type\":\"BreadcrumbList\",\"@id\":\"https:\/\/cfpmaresme.org\/es\/la-fundacion\/#breadcrumb\",\"itemListElement\":[{\"@type\":\"ListItem\",\"position\":1,\"name\":\"Home\",\"item\":\"https:\/\/cfpmaresme.org\/es\/\"},{\"@type\":\"ListItem\",\"position\":2,\"name\":\"Qui\u00e9nes somos\"}]},{\"@type\":\"WebSite\",\"@id\":\"https:\/\/cfpmaresme.org\/#website\",\"url\":\"https:\/\/cfpmaresme.org\/\",\"name\":\"CFP Maresme\",\"description\":\"Centre Formaci\u00f3 Prevenci\u00f3\",\"potentialAction\":[{\"@type\":\"SearchAction\",\"target\":{\"@type\":\"EntryPoint\",\"urlTemplate\":\"https:\/\/cfpmaresme.org\/?s={search_term_string}\"},\"query-input\":{\"@type\":\"PropertyValueSpecification\",\"valueRequired\":true,\"valueName\":\"search_term_string\"}}],\"inLanguage\":\"es\"}]}<\/script>\n<!-- \/ Yoast SEO plugin. -->","yoast_head_json":{"title":"Qui\u00e9nes somos | CFP Maresme","robots":{"index":"index","follow":"follow","max-snippet":"max-snippet:-1","max-image-preview":"max-image-preview:large","max-video-preview":"max-video-preview:-1"},"canonical":"https:\/\/cfpmaresme.org\/es\/la-fundacion\/","og_locale":"es_ES","og_type":"article","og_title":"Qui\u00e9nes somos | CFP Maresme","og_description":"[vc_row css_animation=\u00bb\u00bb row_type=\u00bbrow\u00bb use_row_as_full_screen_section=\u00bbno\u00bb type=\u00bbfull_width\u00bb angled_section=\u00bbno\u00bb text_align=\u00bbleft\u00bb background_image_as_pattern=\u00bbwithout_pattern\u00bb][vc_column][vc_column_text] El CFP [\/vc_column_text][vc_column_text css=\u00bb\u00bb]El CFP es una fundaci\u00f3n que ha participado desde 1979 en programas de atenci\u00f3n especializada en colectivos en riesgo de exclusi\u00f3n social en la comarca del Maresme.[\/vc_column_text][vc_empty_space height=\u00bb15px\u00bb][vc_row_inner row_type=\u00bbrow\u00bb type=\u00bbfull_width\u00bb text_align=\u00bbleft\u00bb css_animation=\u00bb\u00bb][vc_column_inner width=\u00bb4\/12&#8243;][vc_single_image image=\u00bb95128&#8243;...","og_url":"https:\/\/cfpmaresme.org\/es\/la-fundacion\/","og_site_name":"CFP Maresme","article_modified_time":"2026-02-04T14:19:49+00:00","twitter_card":"summary_large_image","twitter_site":"@cfpmaresme","twitter_misc":{"Tiempo de lectura":"3 minutos"},"schema":{"@context":"https:\/\/schema.org","@graph":[{"@type":"WebPage","@id":"https:\/\/cfpmaresme.org\/es\/la-fundacion\/","url":"https:\/\/cfpmaresme.org\/es\/la-fundacion\/","name":"Qui\u00e9nes somos | CFP Maresme","isPartOf":{"@id":"https:\/\/cfpmaresme.org\/#website"},"datePublished":"2018-05-31T14:13:29+00:00","dateModified":"2026-02-04T14:19:49+00:00","breadcrumb":{"@id":"https:\/\/cfpmaresme.org\/es\/la-fundacion\/#breadcrumb"},"inLanguage":"es","potentialAction":[{"@type":"ReadAction","target":["https:\/\/cfpmaresme.org\/es\/la-fundacion\/"]}]},{"@type":"BreadcrumbList","@id":"https:\/\/cfpmaresme.org\/es\/la-fundacion\/#breadcrumb","itemListElement":[{"@type":"ListItem","position":1,"name":"Home","item":"https:\/\/cfpmaresme.org\/es\/"},{"@type":"ListItem","position":2,"name":"Qui\u00e9nes somos"}]},{"@type":"WebSite","@id":"https:\/\/cfpmaresme.org\/#website","url":"https:\/\/cfpmaresme.org\/","name":"CFP Maresme","description":"Centre Formaci\u00f3 Prevenci\u00f3","potentialAction":[{"@type":"SearchAction","target":{"@type":"EntryPoint","urlTemplate":"https:\/\/cfpmaresme.org\/?s={search_term_string}"},"query-input":{"@type":"PropertyValueSpecification","valueRequired":true,"valueName":"search_term_string"}}],"inLanguage":"es"}]}},"_links":{"self":[{"href":"https:\/\/cfpmaresme.org\/es\/wp-json\/wp\/v2\/pages\/16499","targetHints":{"allow":["GET"]}}],"collection":[{"href":"https:\/\/cfpmaresme.org\/es\/wp-json\/wp\/v2\/pages"}],"about":[{"href":"https:\/\/cfpmaresme.org\/es\/wp-json\/wp\/v2\/types\/page"}],"author":[{"embeddable":true,"href":"https:\/\/cfpmaresme.org\/es\/wp-json\/wp\/v2\/users\/1"}],"replies":[{"embeddable":true,"href":"https:\/\/cfpmaresme.org\/es\/wp-json\/wp\/v2\/comments?post=16499"}],"version-history":[{"count":35,"href":"https:\/\/cfpmaresme.org\/es\/wp-json\/wp\/v2\/pages\/16499\/revisions"}],"predecessor-version":[{"id":112425,"href":"https:\/\/cfpmaresme.org\/es\/wp-json\/wp\/v2\/pages\/16499\/revisions\/112425"}],"wp:attachment":[{"href":"https:\/\/cfpmaresme.org\/es\/wp-json\/wp\/v2\/media?parent=16499"}],"curies":[{"name":"wp","href":"https:\/\/api.w.org\/{rel}","templated":true}]}}