{"id":16547,"date":"2018-06-11T17:19:35","date_gmt":"2018-06-11T15:19:35","guid":{"rendered":"http:\/\/cfpmaresme.org\/programa-sioas\/"},"modified":"2024-12-09T12:31:34","modified_gmt":"2024-12-09T10:31:34","slug":"programa-sioas","status":"publish","type":"page","link":"https:\/\/cfpmaresme.org\/es\/programa-sioas\/","title":{"rendered":"Programa SIOAS"},"content":{"rendered":"<div class=\"wpb-content-wrapper\"><p>[vc_row css_animation=\u00bb\u00bb row_type=\u00bbrow\u00bb use_row_as_full_screen_section=\u00bbno\u00bb type=\u00bbfull_width\u00bb angled_section=\u00bbno\u00bb text_align=\u00bbleft\u00bb background_image_as_pattern=\u00bbwithout_pattern\u00bb][vc_column]<blockquote class=' with_quote_icon' style=''><i class='fa fa-quote-right' style=''><\/i><h5 class='blockquote-text' style=''>El programa SIOAS se encarga de orientar y acompa\u00f1ar en la b\u00fasqueda de trabajo a personas con discapacidad o problemas de salud mental<\/h5><\/blockquote>[vc_empty_space height=\u00bb30px\u00bb][\/vc_column][\/vc_row][vc_row css_animation=\u00bb\u00bb row_type=\u00bbrow\u00bb use_row_as_full_screen_section=\u00bbno\u00bb type=\u00bbfull_width\u00bb angled_section=\u00bbno\u00bb text_align=\u00bbleft\u00bb background_image_as_pattern=\u00bbwithout_pattern\u00bb][vc_column width=\u00bb1\/2&#8243;][vc_column_text]El <strong>programa SIOAS<\/strong> (Servicios integrales de orientaci\u00f3n, acompa\u00f1amiento y apoyo a la inserci\u00f3n de las personas con discapacidad y \/ o enfermedad mental) es un servicio de acciones de orientaci\u00f3n, desarrollo de competencias, acompa\u00f1amiento a la inserci\u00f3n y trabajo con apoyo para personas con problemas de salud mental en la empresa ordinaria. Se trabaja a partir de la adaptaci\u00f3n de cada proceso a las necesidades concretas de cada persona y \/ o empresa. Contamos con dos puntos de actuaci\u00f3n: uno en Matar\u00f3 y el otro en Premi\u00e0 de Mar.[\/vc_column_text][\/vc_column][vc_column width=\u00bb1\/2&#8243;][vc_single_image image=\u00bb94834&#8243; img_size=\u00bb420&#215;260&#8243; style=\u00bbvc_box_shadow_3d\u00bb css=\u00bb\u00bb qode_css_animation=\u00bb\u00bb][\/vc_column][\/vc_row][vc_row css_animation=\u00bb\u00bb row_type=\u00bbrow\u00bb use_row_as_full_screen_section=\u00bbno\u00bb type=\u00bbfull_width\u00bb angled_section=\u00bbno\u00bb text_align=\u00bbleft\u00bb background_image_as_pattern=\u00bbwithout_pattern\u00bb][vc_column][vc_empty_space height=\u00bb20px\u00bb][vc_separator type=\u00bbnormal\u00bb][vc_empty_space height=\u00bb20px\u00bb][vc_column_text]<\/p>\n<h2>REQUISITOS DE ACCESO<\/h2>\n<p><strong>Dirigido a personas con problemas de salud mental.\u00a0<\/strong><\/p>\n<p><strong>Disfrutar de una estabilidad emocional.\u00a0<\/strong><\/p>\n<p><strong>Estar inscrito en el Servicio de Ocupaci\u00f3n de Catalu\u00f1a como demandante de trabajo o para mejorar el actual puesto de trabajo.\u00a0<\/strong><\/p>\n<p>Pueden acceder tanto personas que est\u00e9n en b\u00fasqueda de trabajo como personas ocupadas.[\/vc_column_text][\/vc_column][\/vc_row][vc_row css_animation=\u00bb\u00bb row_type=\u00bbrow\u00bb use_row_as_full_screen_section=\u00bbno\u00bb type=\u00bbfull_width\u00bb angled_section=\u00bbno\u00bb text_align=\u00bbleft\u00bb background_image_as_pattern=\u00bbwithout_pattern\u00bb][vc_column][vc_empty_space height=\u00bb20px\u00bb][vc_separator type=\u00bbnormal\u00bb][vc_empty_space height=\u00bb20px\u00bb][vc_column_text]<\/p>\n<h2>CONTACTO<\/h2>\n<p>[\/vc_column_text][vc_row_inner row_type=\u00bbrow\u00bb type=\u00bbfull_width\u00bb text_align=\u00bbleft\u00bb css_animation=\u00bb\u00bb][vc_column_inner width=\u00bb1\/2&#8243;][vc_empty_space height=\u00bb20px\u00bb][vc_column_text]<\/p>\n<h5><i class=\"fa fa-clock-o\" style=\"padding-right: 10px;\" aria-hidden=\"true\"><\/i><span style=\"font-weight: 400;\">Horario de atenci\u00f3n: de lunes a viernes de 8 a 15 horas.<\/span><\/h5>\n<p>&nbsp;<\/p>\n<h5><i class=\"fa fa-map-marker\" style=\"padding-right: 10px;\" aria-hidden=\"true\"><\/i><span style=\"font-weight: 400;\">C\/ Sant Antoni 86, 1\u00ba planta, puerta 7. 08301 Matar\u00f3 i Passatge Burriac, 3. 08330, Premi\u00e0 de Mar.\u00a0<\/span><\/h5>\n<p>&nbsp;<\/p>\n<h5><i class=\"fa fa-phone\" style=\"padding-right: 10px;\" aria-hidden=\"true\"><\/i><span style=\"font-weight: 400;\">Tel. 622.89.68.82<\/span><\/h5>\n<p>&nbsp;<\/p>\n<h5><i class=\"fa fa-user\" style=\"padding-right: 10px;\" aria-hidden=\"true\"><\/i><span style=\"font-weight: 400;\"> Responsable: Marga Bagot, Dom\u00e8nec L\u00f3pez, Carolina Ram\u00edrez y Mari Villanueva.<\/span><\/h5>\n<p>[\/vc_column_text][vc_empty_space height=\u00bb20px\u00bb][\/vc_column_inner][vc_column_inner width=\u00bb1\/2&#8243;][vc_column_text]\u00bfNo encuentras lo que buscas o necesitas m\u00e1s informaci\u00f3n?[\/vc_column_text][vc_empty_space height=\u00bb20px\u00bb]\n\n\t<a href=\"#\" target=\"_self\" style=\"color: #ffffff;background-color: #114c86;font-size: 16px;text-transform: uppercase\" class=\"qode-btn qode-btn-medium qode-btn-solid qode-btn-custom-hover-bg qode-btn-custom-icon-bg-hover-color qode-btn-icon modal-insercio qode-btn-with-shadow qode-btn-icon-rotate qode-type1-gradient-left-to-right\" data-hover-bg-color=\"#1175a0\" >\n\t    <span class=\"qode-btn-text\">\u00a1Contacta con nosotros!<\/span><span class=\"qode-button-v2-icon-holder\" style=\"border-color: #0070a0;background-color: #064b6d\" data-hover-icon-border-color=\"#008cb7\" data-hover-icon-bg-color=\"#008cb7\"><i class=\"qode_icon_font_awesome fa fa-envelope qode-button-v2-icon-holder-inner\" ><\/i><\/span>\t<\/a>\n\n[vc_empty_space height=\u00bb20px\u00bb][\/vc_column_inner][\/vc_row_inner][\/vc_column][\/vc_row][vc_row css_animation=\u00bb\u00bb row_type=\u00bbrow\u00bb use_row_as_full_screen_section=\u00bbno\u00bb type=\u00bbfull_width\u00bb angled_section=\u00bbno\u00bb text_align=\u00bbleft\u00bb background_image_as_pattern=\u00bbwithout_pattern\u00bb][vc_column][vc_empty_space height=\u00bb24px\u00bb][\/vc_column][\/vc_row][vc_row css_animation=\u00bb\u00bb row_type=\u00bbrow\u00bb use_row_as_full_screen_section=\u00bbno\u00bb type=\u00bbfull_width\u00bb angled_section=\u00bbno\u00bb text_align=\u00bbleft\u00bb background_image_as_pattern=\u00bbwithout_pattern\u00bb][vc_column][vc_separator type=\u00bbnormal\u00bb][\/vc_column][\/vc_row][vc_row css_animation=\u00bb\u00bb row_type=\u00bbrow\u00bb use_row_as_full_screen_section=\u00bbno\u00bb type=\u00bbfull_width\u00bb angled_section=\u00bbno\u00bb text_align=\u00bbleft\u00bb background_image_as_pattern=\u00bbwithout_pattern\u00bb][vc_column][vc_column_text]Programa cofinanciado por el <strong>Departamento de Empresa y Trabajo<\/strong>\u00a0de la Generalitat de Catalu\u00f1a y la<strong> Uni\u00f3n Europea<\/strong> (Fondo Social Europeo &#8211; el FSE invierte en tu futuro). <strong>Con el Soporte de la Generalitat de Catalunya.\u00a0<\/strong>[\/vc_column_text][\/vc_column][\/vc_row][vc_row css_animation=\u00bb\u00bb row_type=\u00bbrow\u00bb use_row_as_full_screen_section=\u00bbno\u00bb type=\u00bbfull_width\u00bb angled_section=\u00bbno\u00bb text_align=\u00bbleft\u00bb background_image_as_pattern=\u00bbwithout_pattern\u00bb][vc_column width=\u00bb1\/2&#8243;][vc_single_image image=\u00bb94837&#8243; img_size=\u00bbmedium\u00bb qode_css_animation=\u00bb\u00bb][\/vc_column][vc_column width=\u00bb1\/2&#8243;][vc_single_image image=\u00bb71752&#8243; img_size=\u00bb280&#215;70&#8243; qode_css_animation=\u00bb\u00bb][\/vc_column][\/vc_row][vc_row css_animation=\u00bb\u00bb row_type=\u00bbrow\u00bb use_row_as_full_screen_section=\u00bbno\u00bb type=\u00bbfull_width\u00bb angled_section=\u00bbno\u00bb text_align=\u00bbleft\u00bb background_image_as_pattern=\u00bbwithout_pattern\u00bb][vc_column][vc_empty_space][\/vc_column][\/vc_row]<\/p>\n<\/div>","protected":false},"excerpt":{"rendered":"<p>[vc_row css_animation=\u00bb\u00bb row_type=\u00bbrow\u00bb use_row_as_full_screen_section=\u00bbno\u00bb type=\u00bbfull_width\u00bb angled_section=\u00bbno\u00bb text_align=\u00bbleft\u00bb background_image_as_pattern=\u00bbwithout_pattern\u00bb][vc_column][vc_empty_space height=\u00bb30px\u00bb][\/vc_column][\/vc_row][vc_row css_animation=\u00bb\u00bb row_type=\u00bbrow\u00bb use_row_as_full_screen_section=\u00bbno\u00bb type=\u00bbfull_width\u00bb angled_section=\u00bbno\u00bb text_align=\u00bbleft\u00bb background_image_as_pattern=\u00bbwithout_pattern\u00bb][vc_column width=\u00bb1\/2&#8243;][vc_column_text]El programa SIOAS (Servicios integrales de orientaci\u00f3n, acompa\u00f1amiento y apoyo a la inserci\u00f3n de las personas con discapacidad y \/ o enfermedad mental) es un servicio de acciones de&#8230;<\/p>\n","protected":false},"author":1,"featured_media":0,"parent":0,"menu_order":0,"comment_status":"closed","ping_status":"closed","template":"","meta":{"footnotes":""},"class_list":["post-16547","page","type-page","status-publish","hentry"],"yoast_head":"<!-- This site is optimized with the Yoast SEO plugin v25.2 - https:\/\/yoast.com\/wordpress\/plugins\/seo\/ -->\n<title>Programa SIOAS | CFP Maresme<\/title>\n<meta name=\"robots\" content=\"index, follow, max-snippet:-1, max-image-preview:large, max-video-preview:-1\" \/>\n<link rel=\"canonical\" href=\"https:\/\/cfpmaresme.org\/es\/programa-sioas\/\" \/>\n<meta property=\"og:locale\" content=\"es_ES\" \/>\n<meta property=\"og:type\" content=\"article\" \/>\n<meta property=\"og:title\" content=\"Programa SIOAS | CFP Maresme\" \/>\n<meta property=\"og:description\" content=\"[vc_row css_animation=\u00bb\u00bb row_type=\u00bbrow\u00bb use_row_as_full_screen_section=\u00bbno\u00bb type=\u00bbfull_width\u00bb angled_section=\u00bbno\u00bb text_align=\u00bbleft\u00bb background_image_as_pattern=\u00bbwithout_pattern\u00bb][vc_column][vc_empty_space height=\u00bb30px\u00bb][\/vc_column][\/vc_row][vc_row css_animation=\u00bb\u00bb row_type=\u00bbrow\u00bb use_row_as_full_screen_section=\u00bbno\u00bb type=\u00bbfull_width\u00bb angled_section=\u00bbno\u00bb text_align=\u00bbleft\u00bb background_image_as_pattern=\u00bbwithout_pattern\u00bb][vc_column width=\u00bb1\/2&#8243;][vc_column_text]El programa SIOAS (Servicios integrales de orientaci\u00f3n, acompa\u00f1amiento y apoyo a la inserci\u00f3n de las personas con discapacidad y \/ o enfermedad mental) es un servicio de acciones de...\" \/>\n<meta property=\"og:url\" content=\"https:\/\/cfpmaresme.org\/es\/programa-sioas\/\" \/>\n<meta property=\"og:site_name\" content=\"CFP Maresme\" \/>\n<meta property=\"article:modified_time\" content=\"2024-12-09T10:31:34+00:00\" \/>\n<meta name=\"twitter:card\" content=\"summary_large_image\" \/>\n<meta name=\"twitter:site\" content=\"@cfpmaresme\" \/>\n<meta name=\"twitter:label1\" content=\"Tiempo de lectura\" \/>\n\t<meta name=\"twitter:data1\" content=\"3 minutos\" \/>\n<script type=\"application\/ld+json\" class=\"yoast-schema-graph\">{\"@context\":\"https:\/\/schema.org\",\"@graph\":[{\"@type\":\"WebPage\",\"@id\":\"https:\/\/cfpmaresme.org\/es\/programa-sioas\/\",\"url\":\"https:\/\/cfpmaresme.org\/es\/programa-sioas\/\",\"name\":\"Programa SIOAS | CFP Maresme\",\"isPartOf\":{\"@id\":\"https:\/\/cfpmaresme.org\/#website\"},\"datePublished\":\"2018-06-11T15:19:35+00:00\",\"dateModified\":\"2024-12-09T10:31:34+00:00\",\"breadcrumb\":{\"@id\":\"https:\/\/cfpmaresme.org\/es\/programa-sioas\/#breadcrumb\"},\"inLanguage\":\"es\",\"potentialAction\":[{\"@type\":\"ReadAction\",\"target\":[\"https:\/\/cfpmaresme.org\/es\/programa-sioas\/\"]}]},{\"@type\":\"BreadcrumbList\",\"@id\":\"https:\/\/cfpmaresme.org\/es\/programa-sioas\/#breadcrumb\",\"itemListElement\":[{\"@type\":\"ListItem\",\"position\":1,\"name\":\"Home\",\"item\":\"https:\/\/cfpmaresme.org\/es\/\"},{\"@type\":\"ListItem\",\"position\":2,\"name\":\"Programa SIOAS\"}]},{\"@type\":\"WebSite\",\"@id\":\"https:\/\/cfpmaresme.org\/#website\",\"url\":\"https:\/\/cfpmaresme.org\/\",\"name\":\"CFP Maresme\",\"description\":\"Centre Formaci\u00f3 Prevenci\u00f3\",\"potentialAction\":[{\"@type\":\"SearchAction\",\"target\":{\"@type\":\"EntryPoint\",\"urlTemplate\":\"https:\/\/cfpmaresme.org\/?s={search_term_string}\"},\"query-input\":{\"@type\":\"PropertyValueSpecification\",\"valueRequired\":true,\"valueName\":\"search_term_string\"}}],\"inLanguage\":\"es\"}]}<\/script>\n<!-- \/ Yoast SEO plugin. -->","yoast_head_json":{"title":"Programa SIOAS | CFP Maresme","robots":{"index":"index","follow":"follow","max-snippet":"max-snippet:-1","max-image-preview":"max-image-preview:large","max-video-preview":"max-video-preview:-1"},"canonical":"https:\/\/cfpmaresme.org\/es\/programa-sioas\/","og_locale":"es_ES","og_type":"article","og_title":"Programa SIOAS | CFP Maresme","og_description":"[vc_row css_animation=\u00bb\u00bb row_type=\u00bbrow\u00bb use_row_as_full_screen_section=\u00bbno\u00bb type=\u00bbfull_width\u00bb angled_section=\u00bbno\u00bb text_align=\u00bbleft\u00bb background_image_as_pattern=\u00bbwithout_pattern\u00bb][vc_column][vc_empty_space height=\u00bb30px\u00bb][\/vc_column][\/vc_row][vc_row css_animation=\u00bb\u00bb row_type=\u00bbrow\u00bb use_row_as_full_screen_section=\u00bbno\u00bb type=\u00bbfull_width\u00bb angled_section=\u00bbno\u00bb text_align=\u00bbleft\u00bb background_image_as_pattern=\u00bbwithout_pattern\u00bb][vc_column width=\u00bb1\/2&#8243;][vc_column_text]El programa SIOAS (Servicios integrales de orientaci\u00f3n, acompa\u00f1amiento y apoyo a la inserci\u00f3n de las personas con discapacidad y \/ o enfermedad mental) es un servicio de acciones de...","og_url":"https:\/\/cfpmaresme.org\/es\/programa-sioas\/","og_site_name":"CFP Maresme","article_modified_time":"2024-12-09T10:31:34+00:00","twitter_card":"summary_large_image","twitter_site":"@cfpmaresme","twitter_misc":{"Tiempo de lectura":"3 minutos"},"schema":{"@context":"https:\/\/schema.org","@graph":[{"@type":"WebPage","@id":"https:\/\/cfpmaresme.org\/es\/programa-sioas\/","url":"https:\/\/cfpmaresme.org\/es\/programa-sioas\/","name":"Programa SIOAS | CFP Maresme","isPartOf":{"@id":"https:\/\/cfpmaresme.org\/#website"},"datePublished":"2018-06-11T15:19:35+00:00","dateModified":"2024-12-09T10:31:34+00:00","breadcrumb":{"@id":"https:\/\/cfpmaresme.org\/es\/programa-sioas\/#breadcrumb"},"inLanguage":"es","potentialAction":[{"@type":"ReadAction","target":["https:\/\/cfpmaresme.org\/es\/programa-sioas\/"]}]},{"@type":"BreadcrumbList","@id":"https:\/\/cfpmaresme.org\/es\/programa-sioas\/#breadcrumb","itemListElement":[{"@type":"ListItem","position":1,"name":"Home","item":"https:\/\/cfpmaresme.org\/es\/"},{"@type":"ListItem","position":2,"name":"Programa SIOAS"}]},{"@type":"WebSite","@id":"https:\/\/cfpmaresme.org\/#website","url":"https:\/\/cfpmaresme.org\/","name":"CFP Maresme","description":"Centre Formaci\u00f3 Prevenci\u00f3","potentialAction":[{"@type":"SearchAction","target":{"@type":"EntryPoint","urlTemplate":"https:\/\/cfpmaresme.org\/?s={search_term_string}"},"query-input":{"@type":"PropertyValueSpecification","valueRequired":true,"valueName":"search_term_string"}}],"inLanguage":"es"}]}},"_links":{"self":[{"href":"https:\/\/cfpmaresme.org\/es\/wp-json\/wp\/v2\/pages\/16547","targetHints":{"allow":["GET"]}}],"collection":[{"href":"https:\/\/cfpmaresme.org\/es\/wp-json\/wp\/v2\/pages"}],"about":[{"href":"https:\/\/cfpmaresme.org\/es\/wp-json\/wp\/v2\/types\/page"}],"author":[{"embeddable":true,"href":"https:\/\/cfpmaresme.org\/es\/wp-json\/wp\/v2\/users\/1"}],"replies":[{"embeddable":true,"href":"https:\/\/cfpmaresme.org\/es\/wp-json\/wp\/v2\/comments?post=16547"}],"version-history":[{"count":20,"href":"https:\/\/cfpmaresme.org\/es\/wp-json\/wp\/v2\/pages\/16547\/revisions"}],"predecessor-version":[{"id":94984,"href":"https:\/\/cfpmaresme.org\/es\/wp-json\/wp\/v2\/pages\/16547\/revisions\/94984"}],"wp:attachment":[{"href":"https:\/\/cfpmaresme.org\/es\/wp-json\/wp\/v2\/media?parent=16547"}],"curies":[{"name":"wp","href":"https:\/\/api.w.org\/{rel}","templated":true}]}}