{"id":17877,"date":"2019-04-04T10:10:51","date_gmt":"2019-04-04T08:10:51","guid":{"rendered":"https:\/\/cfpmaresme.org\/servicios-de-formacion-e-intermediacion-laboral\/"},"modified":"2025-06-10T15:14:34","modified_gmt":"2025-06-10T13:14:34","slug":"servicios-formacion-intermediacion-laboral","status":"publish","type":"page","link":"https:\/\/cfpmaresme.org\/es\/servicios-formacion-intermediacion-laboral\/","title":{"rendered":"Servicio de Formaci\u00f3n e Intermediaci\u00f3n Laboral"},"content":{"rendered":"<div class=\"wpb-content-wrapper\"><p>[vc_row css_animation=\u00bb\u00bb row_type=\u00bbrow\u00bb use_row_as_full_screen_section=\u00bbno\u00bb type=\u00bbfull_width\u00bb angled_section=\u00bbno\u00bb text_align=\u00bbleft\u00bb background_image_as_pattern=\u00bbwithout_pattern\u00bb][vc_column]<blockquote class=' with_quote_icon' style=''><i class='fa fa-quote-right' style=''><\/i><h5 class='blockquote-text' style=''>Los Servicios de Formaci\u00f3n e Intermediaci\u00f3n Laboral son recursos integrales de orientaci\u00f3n, acompa\u00f1amiento y apoyo a la inserci\u00f3n dirigidos a personas con problemas de salud mental, discapacidad y\/o dificultades especiales de integraci\u00f3n<\/h5><\/blockquote>[vc_empty_space height=\u00bb30px\u00bb][vc_column_text css=\u00bb\u00bb]Actualmente el CFP dispone de diferentes <strong>servicios y programas destinados a mejorar las posibilidades de formaci\u00f3n e inserci\u00f3n laboral<\/strong> de colectivos con especiales dificultades para acceder al \u00e1mbito del trabajo. Estos programas son desarrollados por los t\u00e9cnicos y t\u00e9cnicas de la entidad y cuentan con el apoyo de la administraci\u00f3n auton\u00f3mica, estatal y\/o europea.<\/p>\n<p>&nbsp;<\/p>\n<p>&nbsp;<\/p>\n<p><iframe loading=\"lazy\" title=\"YouTube video player\" src=\"https:\/\/www.youtube.com\/embed\/X0Cf_rIGFjs?si=KLUbiRa0WFtRJ4i7\" width=\"560\" height=\"315\" frameborder=\"0\" allowfullscreen=\"allowfullscreen\"><\/iframe>[\/vc_column_text][vc_empty_space height=\u00bb30px\u00bb][vc_separator type=\u00bbnormal\u00bb][vc_empty_space height=\u00bb20px\u00bb][vc_column_text]<\/p>\n<h2>SERVICIOS Y PROGRAMAS DEL DEPARTAMENTO DE FORMACI\u00d3N E INTERMEDIACI\u00d3N LABORAL<\/h2>\n<p>[\/vc_column_text][vc_empty_space height=\u00bb20px\u00bb][\/vc_column][\/vc_row][vc_row css_animation=\u00bb\u00bb row_type=\u00bbrow\u00bb use_row_as_full_screen_section=\u00bbno\u00bb type=\u00bbfull_width\u00bb angled_section=\u00bbno\u00bb text_align=\u00bbleft\u00bb background_image_as_pattern=\u00bbwithout_pattern\u00bb][vc_column width=\u00bb1\/2&#8243;][vc_column_text]<\/p>\n<h3><a href=\"https:\/\/cfpmaresme.org\/es\/agencia-de-colocacion\/\">AGENCIA DE COLOCACI\u00d3N<\/a><\/h3>\n<p>[\/vc_column_text][vc_empty_space height=\u00bb10px\u00bb][vc_column_text]Somos agencia de colocaci\u00f3n autorizada por el Servei d&#8217;Ocupaci\u00f3 de Catalunya. Atendemos a <strong>personas en proceso de b\u00fasqueda de trabajo<\/strong> y a las<strong> empresas que requieren trabajadores.<\/strong>[\/vc_column_text][vc_empty_space height=\u00bb20px\u00bb][\/vc_column][vc_column width=\u00bb1\/2&#8243;][vc_single_image image=\u00bb15413&#8243; img_size=\u00bb250&#215;140&#8243; alignment=\u00bbcenter\u00bb onclick=\u00bbcustom_link\u00bb qode_css_animation=\u00bb\u00bb link=\u00bbhttps:\/\/cfpmaresme.org\/agencia-de-collocacio\/\u00bb][vc_empty_space height=\u00bb20px\u00bb][\/vc_column][\/vc_row][vc_row css_animation=\u00bb\u00bb row_type=\u00bbrow\u00bb use_row_as_full_screen_section=\u00bbno\u00bb type=\u00bbfull_width\u00bb angled_section=\u00bbno\u00bb text_align=\u00bbleft\u00bb background_image_as_pattern=\u00bbwithout_pattern\u00bb][vc_column][vc_separator type=\u00bbnormal\u00bb][\/vc_column][\/vc_row][vc_row css_animation=\u00bb\u00bb row_type=\u00bbrow\u00bb use_row_as_full_screen_section=\u00bbno\u00bb type=\u00bbfull_width\u00bb angled_section=\u00bbno\u00bb text_align=\u00bbleft\u00bb background_image_as_pattern=\u00bbwithout_pattern\u00bb][vc_column width=\u00bb1\/2&#8243;][vc_empty_space height=\u00bb20px\u00bb][vc_column_text]<\/p>\n<h3><a href=\"https:\/\/cfpmaresme.org\/es\/programa-sioas\/\" target=\"_blank\" rel=\"noopener\">PROGRAMA SIOAS<\/a><\/h3>\n<p>[\/vc_column_text][vc_empty_space height=\u00bb10px\u00bb][vc_column_text]Te ayudamos a definir tu itinerario sociolaboral para favorecer tu <strong>integraci\u00f3n en el mercado laboral<\/strong> ordinario o para<strong> convervar tu lugar de trabajo<\/strong> actual.[\/vc_column_text][vc_empty_space height=\u00bb20px\u00bb][\/vc_column][vc_column width=\u00bb1\/2&#8243;][vc_empty_space height=\u00bb20px\u00bb][vc_single_image image=\u00bb94834&#8243; img_size=\u00bb250&#215;140&#8243; alignment=\u00bbcenter\u00bb onclick=\u00bbcustom_link\u00bb qode_css_animation=\u00bb\u00bb link=\u00bbhttps:\/\/cfpmaresme.org\/programa-sioas\/\u00bb][vc_empty_space height=\u00bb20px\u00bb][\/vc_column][\/vc_row][vc_row css_animation=\u00bb\u00bb row_type=\u00bbrow\u00bb use_row_as_full_screen_section=\u00bbno\u00bb type=\u00bbfull_width\u00bb angled_section=\u00bbno\u00bb text_align=\u00bbleft\u00bb background_image_as_pattern=\u00bbwithout_pattern\u00bb][vc_column][vc_separator type=\u00bbnormal\u00bb][\/vc_column][\/vc_row][vc_row css_animation=\u00bb\u00bb row_type=\u00bbrow\u00bb use_row_as_full_screen_section=\u00bbno\u00bb type=\u00bbfull_width\u00bb angled_section=\u00bbno\u00bb text_align=\u00bbleft\u00bb background_image_as_pattern=\u00bbwithout_pattern\u00bb][vc_column width=\u00bb1\/2&#8243;][vc_empty_space height=\u00bb20px\u00bb][vc_column_text]<\/p>\n<h3><a href=\"https:\/\/cfpmaresme.org\/es\/programa-mais\/\">PROGRAMA MAIS<\/a><\/h3>\n<p>[\/vc_column_text][vc_empty_space height=\u00bb10px\u00bb][vc_column_text]El <strong>programa MAIS<\/strong>\u00a0consta de una serie de medidas destinadas a mejorar la ocupabilidad de las personas que reciben la <strong>prestaci\u00f3n de Renta Garantizada de Ciudadan\u00eda<\/strong>.[\/vc_column_text][vc_empty_space height=\u00bb20px\u00bb][\/vc_column][vc_column width=\u00bb1\/2&#8243;][vc_empty_space height=\u00bb20px\u00bb][vc_single_image image=\u00bb94986&#8243; img_size=\u00bb250&#215;140&#8243; alignment=\u00bbcenter\u00bb onclick=\u00bbcustom_link\u00bb css=\u00bb\u00bb qode_css_animation=\u00bb\u00bb link=\u00bbhttps:\/\/cfpmaresme.org\/programa-marmi\/\u00bb][vc_empty_space height=\u00bb20px\u00bb][\/vc_column][\/vc_row][vc_row css_animation=\u00bb\u00bb row_type=\u00bbrow\u00bb use_row_as_full_screen_section=\u00bbno\u00bb type=\u00bbfull_width\u00bb angled_section=\u00bbno\u00bb text_align=\u00bbleft\u00bb background_image_as_pattern=\u00bbwithout_pattern\u00bb][vc_column][vc_separator type=\u00bbnormal\u00bb][\/vc_column][\/vc_row][vc_row css_animation=\u00bb\u00bb row_type=\u00bbrow\u00bb use_row_as_full_screen_section=\u00bbno\u00bb type=\u00bbfull_width\u00bb angled_section=\u00bbno\u00bb text_align=\u00bbleft\u00bb background_image_as_pattern=\u00bbwithout_pattern\u00bb][vc_column width=\u00bb1\/2&#8243;][vc_empty_space height=\u00bb20px\u00bb][vc_column_text css=\u00bb\u00bb]<\/p>\n<h3><a href=\"https:\/\/cfpmaresme.org\/es\/punt-inclusiu\/\" target=\"_blank\" rel=\"noopener\">PUNTO INCLUSIVO<\/a><\/h3>\n<p>[\/vc_column_text][vc_empty_space height=\u00bb10px\u00bb][vc_column_text css=\u00bb\u00bb]Orientaci\u00f3n e intermediaci\u00f3n laboral a personas con diagn\u00f3stico y\/o problemas de salud mental para mejorar el grado de ocupabilidad en la empresa ordinaria.[\/vc_column_text][\/vc_column][vc_column width=\u00bb1\/2&#8243;][vc_empty_space height=\u00bb20px\u00bb][vc_single_image image=\u00bb110476&#8243; img_size=\u00bb250X140&#8243; alignment=\u00bbcenter\u00bb onclick=\u00bbcustom_link\u00bb css=\u00bb\u00bb qode_css_animation=\u00bb\u00bb link=\u00bbhttps:\/\/cfpmaresme.org\/xarxa-empreses\/\u00bb][vc_empty_space][\/vc_column][\/vc_row][vc_row css_animation=\u00bb\u00bb row_type=\u00bbrow\u00bb use_row_as_full_screen_section=\u00bbno\u00bb type=\u00bbfull_width\u00bb angled_section=\u00bbno\u00bb text_align=\u00bbleft\u00bb background_image_as_pattern=\u00bbwithout_pattern\u00bb][vc_column][vc_separator type=\u00bbnormal\u00bb][\/vc_column][\/vc_row][vc_row css_animation=\u00bb\u00bb row_type=\u00bbrow\u00bb use_row_as_full_screen_section=\u00bbno\u00bb type=\u00bbfull_width\u00bb angled_section=\u00bbno\u00bb text_align=\u00bbleft\u00bb background_image_as_pattern=\u00bbwithout_pattern\u00bb][vc_column width=\u00bb1\/2&#8243;][vc_empty_space height=\u00bb20px\u00bb][vc_column_text]<\/p>\n<h3><a href=\"https:\/\/cfpmaresme.org\/es\/red-de-empresas\/\" target=\"_blank\" rel=\"noopener\">RED DE EMPRESAS<\/a><\/h3>\n<p>[\/vc_column_text][vc_empty_space height=\u00bb10px\u00bb][vc_column_text]Este programa permite hacer <strong>intermediaci\u00f3n entre las necesidades de personal de las empresas<\/strong> y las personas candidatas participantes en la red.[\/vc_column_text][\/vc_column][vc_column width=\u00bb1\/2&#8243;][vc_empty_space height=\u00bb20px\u00bb][vc_single_image image=\u00bb17124&#8243; img_size=\u00bb250X140&#8243; alignment=\u00bbcenter\u00bb onclick=\u00bbcustom_link\u00bb qode_css_animation=\u00bb\u00bb link=\u00bbhttps:\/\/cfpmaresme.org\/xarxa-empreses\/\u00bb][vc_empty_space][\/vc_column][\/vc_row][vc_row css_animation=\u00bb\u00bb row_type=\u00bbrow\u00bb use_row_as_full_screen_section=\u00bbno\u00bb type=\u00bbfull_width\u00bb angled_section=\u00bbno\u00bb text_align=\u00bbleft\u00bb background_image_as_pattern=\u00bbwithout_pattern\u00bb][vc_column][vc_separator type=\u00bbnormal\u00bb][\/vc_column][\/vc_row][vc_row css_animation=\u00bb\u00bb row_type=\u00bbrow\u00bb use_row_as_full_screen_section=\u00bbno\u00bb type=\u00bbfull_width\u00bb angled_section=\u00bbno\u00bb text_align=\u00bbleft\u00bb background_image_as_pattern=\u00bbwithout_pattern\u00bb][vc_column][vc_empty_space][\/vc_column][\/vc_row]<\/p>\n<\/div>","protected":false},"excerpt":{"rendered":"<p>[vc_row css_animation=\u00bb\u00bb row_type=\u00bbrow\u00bb use_row_as_full_screen_section=\u00bbno\u00bb type=\u00bbfull_width\u00bb angled_section=\u00bbno\u00bb text_align=\u00bbleft\u00bb background_image_as_pattern=\u00bbwithout_pattern\u00bb][vc_column][vc_empty_space height=\u00bb30px\u00bb][vc_column_text css=\u00bb\u00bb]Actualmente el CFP dispone de diferentes servicios y programas destinados a mejorar las posibilidades de formaci\u00f3n e inserci\u00f3n laboral de colectivos con especiales dificultades para acceder al \u00e1mbito del trabajo. Estos programas son desarrollados por los&#8230;<\/p>\n","protected":false},"author":2,"featured_media":0,"parent":0,"menu_order":0,"comment_status":"closed","ping_status":"closed","template":"","meta":{"footnotes":""},"class_list":["post-17877","page","type-page","status-publish","hentry"],"yoast_head":"<!-- This site is optimized with the Yoast SEO plugin v25.2 - https:\/\/yoast.com\/wordpress\/plugins\/seo\/ -->\n<title>Servicio de Formaci\u00f3n e Intermediaci\u00f3n Laboral | CFP Maresme<\/title>\n<meta name=\"robots\" content=\"index, follow, max-snippet:-1, max-image-preview:large, max-video-preview:-1\" \/>\n<link rel=\"canonical\" href=\"https:\/\/cfpmaresme.org\/es\/servicios-formacion-intermediacion-laboral\/\" \/>\n<meta property=\"og:locale\" content=\"es_ES\" \/>\n<meta property=\"og:type\" content=\"article\" \/>\n<meta property=\"og:title\" content=\"Servicio de Formaci\u00f3n e Intermediaci\u00f3n Laboral | CFP Maresme\" \/>\n<meta property=\"og:description\" content=\"[vc_row css_animation=\u00bb\u00bb row_type=\u00bbrow\u00bb use_row_as_full_screen_section=\u00bbno\u00bb type=\u00bbfull_width\u00bb angled_section=\u00bbno\u00bb text_align=\u00bbleft\u00bb background_image_as_pattern=\u00bbwithout_pattern\u00bb][vc_column][vc_empty_space height=\u00bb30px\u00bb][vc_column_text css=\u00bb\u00bb]Actualmente el CFP dispone de diferentes servicios y programas destinados a mejorar las posibilidades de formaci\u00f3n e inserci\u00f3n laboral de colectivos con especiales dificultades para acceder al \u00e1mbito del trabajo. Estos programas son desarrollados por los...\" \/>\n<meta property=\"og:url\" content=\"https:\/\/cfpmaresme.org\/es\/servicios-formacion-intermediacion-laboral\/\" \/>\n<meta property=\"og:site_name\" content=\"CFP Maresme\" \/>\n<meta property=\"article:modified_time\" content=\"2025-06-10T13:14:34+00:00\" \/>\n<meta name=\"twitter:card\" content=\"summary_large_image\" \/>\n<meta name=\"twitter:site\" content=\"@cfpmaresme\" \/>\n<meta name=\"twitter:label1\" content=\"Tiempo de lectura\" \/>\n\t<meta name=\"twitter:data1\" content=\"3 minutos\" \/>\n<script type=\"application\/ld+json\" class=\"yoast-schema-graph\">{\"@context\":\"https:\/\/schema.org\",\"@graph\":[{\"@type\":\"WebPage\",\"@id\":\"https:\/\/cfpmaresme.org\/es\/servicios-formacion-intermediacion-laboral\/\",\"url\":\"https:\/\/cfpmaresme.org\/es\/servicios-formacion-intermediacion-laboral\/\",\"name\":\"Servicio de Formaci\u00f3n e Intermediaci\u00f3n Laboral | CFP Maresme\",\"isPartOf\":{\"@id\":\"https:\/\/cfpmaresme.org\/#website\"},\"datePublished\":\"2019-04-04T08:10:51+00:00\",\"dateModified\":\"2025-06-10T13:14:34+00:00\",\"breadcrumb\":{\"@id\":\"https:\/\/cfpmaresme.org\/es\/servicios-formacion-intermediacion-laboral\/#breadcrumb\"},\"inLanguage\":\"es\",\"potentialAction\":[{\"@type\":\"ReadAction\",\"target\":[\"https:\/\/cfpmaresme.org\/es\/servicios-formacion-intermediacion-laboral\/\"]}]},{\"@type\":\"BreadcrumbList\",\"@id\":\"https:\/\/cfpmaresme.org\/es\/servicios-formacion-intermediacion-laboral\/#breadcrumb\",\"itemListElement\":[{\"@type\":\"ListItem\",\"position\":1,\"name\":\"Home\",\"item\":\"https:\/\/cfpmaresme.org\/es\/\"},{\"@type\":\"ListItem\",\"position\":2,\"name\":\"Servicio de Formaci\u00f3n e Intermediaci\u00f3n Laboral\"}]},{\"@type\":\"WebSite\",\"@id\":\"https:\/\/cfpmaresme.org\/#website\",\"url\":\"https:\/\/cfpmaresme.org\/\",\"name\":\"CFP Maresme\",\"description\":\"Centre Formaci\u00f3 Prevenci\u00f3\",\"potentialAction\":[{\"@type\":\"SearchAction\",\"target\":{\"@type\":\"EntryPoint\",\"urlTemplate\":\"https:\/\/cfpmaresme.org\/?s={search_term_string}\"},\"query-input\":{\"@type\":\"PropertyValueSpecification\",\"valueRequired\":true,\"valueName\":\"search_term_string\"}}],\"inLanguage\":\"es\"}]}<\/script>\n<!-- \/ Yoast SEO plugin. -->","yoast_head_json":{"title":"Servicio de Formaci\u00f3n e Intermediaci\u00f3n Laboral | CFP Maresme","robots":{"index":"index","follow":"follow","max-snippet":"max-snippet:-1","max-image-preview":"max-image-preview:large","max-video-preview":"max-video-preview:-1"},"canonical":"https:\/\/cfpmaresme.org\/es\/servicios-formacion-intermediacion-laboral\/","og_locale":"es_ES","og_type":"article","og_title":"Servicio de Formaci\u00f3n e Intermediaci\u00f3n Laboral | CFP Maresme","og_description":"[vc_row css_animation=\u00bb\u00bb row_type=\u00bbrow\u00bb use_row_as_full_screen_section=\u00bbno\u00bb type=\u00bbfull_width\u00bb angled_section=\u00bbno\u00bb text_align=\u00bbleft\u00bb background_image_as_pattern=\u00bbwithout_pattern\u00bb][vc_column][vc_empty_space height=\u00bb30px\u00bb][vc_column_text css=\u00bb\u00bb]Actualmente el CFP dispone de diferentes servicios y programas destinados a mejorar las posibilidades de formaci\u00f3n e inserci\u00f3n laboral de colectivos con especiales dificultades para acceder al \u00e1mbito del trabajo. Estos programas son desarrollados por los...","og_url":"https:\/\/cfpmaresme.org\/es\/servicios-formacion-intermediacion-laboral\/","og_site_name":"CFP Maresme","article_modified_time":"2025-06-10T13:14:34+00:00","twitter_card":"summary_large_image","twitter_site":"@cfpmaresme","twitter_misc":{"Tiempo de lectura":"3 minutos"},"schema":{"@context":"https:\/\/schema.org","@graph":[{"@type":"WebPage","@id":"https:\/\/cfpmaresme.org\/es\/servicios-formacion-intermediacion-laboral\/","url":"https:\/\/cfpmaresme.org\/es\/servicios-formacion-intermediacion-laboral\/","name":"Servicio de Formaci\u00f3n e Intermediaci\u00f3n Laboral | CFP Maresme","isPartOf":{"@id":"https:\/\/cfpmaresme.org\/#website"},"datePublished":"2019-04-04T08:10:51+00:00","dateModified":"2025-06-10T13:14:34+00:00","breadcrumb":{"@id":"https:\/\/cfpmaresme.org\/es\/servicios-formacion-intermediacion-laboral\/#breadcrumb"},"inLanguage":"es","potentialAction":[{"@type":"ReadAction","target":["https:\/\/cfpmaresme.org\/es\/servicios-formacion-intermediacion-laboral\/"]}]},{"@type":"BreadcrumbList","@id":"https:\/\/cfpmaresme.org\/es\/servicios-formacion-intermediacion-laboral\/#breadcrumb","itemListElement":[{"@type":"ListItem","position":1,"name":"Home","item":"https:\/\/cfpmaresme.org\/es\/"},{"@type":"ListItem","position":2,"name":"Servicio de Formaci\u00f3n e Intermediaci\u00f3n Laboral"}]},{"@type":"WebSite","@id":"https:\/\/cfpmaresme.org\/#website","url":"https:\/\/cfpmaresme.org\/","name":"CFP Maresme","description":"Centre Formaci\u00f3 Prevenci\u00f3","potentialAction":[{"@type":"SearchAction","target":{"@type":"EntryPoint","urlTemplate":"https:\/\/cfpmaresme.org\/?s={search_term_string}"},"query-input":{"@type":"PropertyValueSpecification","valueRequired":true,"valueName":"search_term_string"}}],"inLanguage":"es"}]}},"_links":{"self":[{"href":"https:\/\/cfpmaresme.org\/es\/wp-json\/wp\/v2\/pages\/17877","targetHints":{"allow":["GET"]}}],"collection":[{"href":"https:\/\/cfpmaresme.org\/es\/wp-json\/wp\/v2\/pages"}],"about":[{"href":"https:\/\/cfpmaresme.org\/es\/wp-json\/wp\/v2\/types\/page"}],"author":[{"embeddable":true,"href":"https:\/\/cfpmaresme.org\/es\/wp-json\/wp\/v2\/users\/2"}],"replies":[{"embeddable":true,"href":"https:\/\/cfpmaresme.org\/es\/wp-json\/wp\/v2\/comments?post=17877"}],"version-history":[{"count":29,"href":"https:\/\/cfpmaresme.org\/es\/wp-json\/wp\/v2\/pages\/17877\/revisions"}],"predecessor-version":[{"id":110632,"href":"https:\/\/cfpmaresme.org\/es\/wp-json\/wp\/v2\/pages\/17877\/revisions\/110632"}],"wp:attachment":[{"href":"https:\/\/cfpmaresme.org\/es\/wp-json\/wp\/v2\/media?parent=17877"}],"curies":[{"name":"wp","href":"https:\/\/api.w.org\/{rel}","templated":true}]}}