{"id":20462,"date":"2020-06-04T10:49:39","date_gmt":"2020-06-04T08:49:39","guid":{"rendered":"https:\/\/www.cfpmaresme.org\/hoja-de-informacion-y-consentimiento-al-usuario\/"},"modified":"2020-06-05T09:03:32","modified_gmt":"2020-06-05T07:03:32","slug":"proteccion-de-datos","status":"publish","type":"page","link":"https:\/\/cfpmaresme.org\/es\/proteccion-de-datos\/","title":{"rendered":"Protecci\u00f3n de datos"},"content":{"rendered":"<div class=\"wpb-content-wrapper\"><p>[vc_row css_animation=\u00bb\u00bb row_type=\u00bbrow\u00bb use_row_as_full_screen_section=\u00bbno\u00bb type=\u00bbfull_width\u00bb angled_section=\u00bbno\u00bb text_align=\u00bbleft\u00bb background_image_as_pattern=\u00bbwithout_pattern\u00bb css=\u00bb.vc_custom_1589281946917{margin-bottom: 80px !important;}\u00bb z_index=\u00bb\u00bb][vc_column][vc_empty_space]\n<div class=\"wpcf7 no-js\" id=\"wpcf7-f20461-o1\" lang=\"ca\" dir=\"ltr\" data-wpcf7-id=\"20461\">\n<div class=\"screen-reader-response\"><p role=\"status\" aria-live=\"polite\" aria-atomic=\"true\"><\/p> <ul><\/ul><\/div>\n<form action=\"\/es\/wp-json\/wp\/v2\/pages\/20462#wpcf7-f20461-o1\" method=\"post\" class=\"wpcf7-form init default\" aria-label=\"Formulari de contacte\" novalidate=\"novalidate\" data-status=\"init\">\n<div style=\"display: none;\">\n<input type=\"hidden\" name=\"_wpcf7\" value=\"20461\" \/>\n<input type=\"hidden\" name=\"_wpcf7_version\" value=\"6.0.6\" \/>\n<input type=\"hidden\" name=\"_wpcf7_locale\" value=\"ca\" \/>\n<input type=\"hidden\" name=\"_wpcf7_unit_tag\" value=\"wpcf7-f20461-o1\" \/>\n<input type=\"hidden\" name=\"_wpcf7_container_post\" value=\"0\" \/>\n<input type=\"hidden\" name=\"_wpcf7_posted_data_hash\" value=\"\" \/>\n<input type=\"hidden\" name=\"_wpcf7dtx_version\" value=\"5.0.3\" \/>\n<input type=\"hidden\" name=\"_wpcf7_recaptcha_response\" value=\"\" \/>\n<\/div>\n<div class=\"vc_row\">\n\t<div class=\"vc_col-xs-12\">\n\t\t<p>Yo: <span class=\"wpcf7-form-control-wrap\" data-name=\"edat\"><span class=\"wpcf7-form-control wpcf7-checkbox wpcf7-validates-as-required wpcf7-exclusive-checkbox\"><span class=\"wpcf7-list-item first\"><label><input type=\"checkbox\" name=\"edat\" value=\"Menor de edad\" \/><span class=\"wpcf7-list-item-label\">Menor de edad<\/span><\/label><\/span><span class=\"wpcf7-list-item last\"><label><input type=\"checkbox\" name=\"edat\" value=\"Mayor de edad\" \/><span class=\"wpcf7-list-item-label\">Mayor de edad<\/span><\/label><\/span><\/span><\/span>\n\t\t<\/p>\n\t<\/div>\n<\/div>\n<div class=\"vc_row\" style=\"margin-top:30px;\">\n\t<div class=\"vc_col-xs-12\">\n\t\t<p><br \/>\nEn virtud de lo que prev\u00e9 el Reglamento (UE) 2016\/679 del Parlamento Europeo y del Consejo, de 27 de Abril de 2016, el Centre de Formaci\u00f3 i Prevenci\u00f3 (CFP) pone a su conocimiento que dispone de un fichero con datos de car\u00e1cter personal denominado usuarios informatizados e historias cl\u00ednicas de CFP.\n\t\t<\/p>\n\t\t<p>La finalidad de su creaci\u00f3n es ofrecer los programas de los distintos apartados de las personas atendidas en los distintos servicios del CFP.\n\t\t<\/p>\n\t\t<p>Las personas destinatarias de la informaci\u00f3n son todos los departamentos en los que se organiza el CFP, as\u00ed como los estamentos oficiales p\u00fablicos o privados que, por obligaci\u00f3n legal o necesidad material, tengan que acceder a los datos a los efectos de la correcta prestaci\u00f3n de su finalidad.\n\t\t<\/p>\n\t\t<p>En todo caso, usted tiene derecho a ejercer los derechos de oposici\u00f3n, acceso, rectificaci\u00f3n y cancelaci\u00f3n en el \u00e1mbito reconocido por el Reglamento (UE) 2016\/679 del Parlamento Europeo, de 27 de Abril de 2016, as\u00ed como en el C\u00f3digo Tipo Uni\u00f3 Catalana d'Hospitals, al cual este centro est\u00e1 adherido. De ser as\u00ed, se tendr\u00e1 que dirigir al Delegado de Protecci\u00f3n de datos al email dpd@cfpmaresme.org o a las oficinas de C\/ Sant Antoni, 86 1\u00aa, puerta 7, 08301 de Matar\u00f3.\n\t\t<\/p>\n\t\t<p>El responsable del fichero es el CFP. Para ejercitar los derechos mencionados y para cualquier aclaraci\u00f3n, puede dirigirse por escrito mediante instancia dirigida al Director General del Centro, en la calle Sant Antoni, 86 1, 08301 Matar\u00f3.\n\t\t<\/p>\n\t\t<p>As\u00ed mismo y por el presente, le informamos que la entidad podr\u00e1 ceder los datos que sean estrictamente necesarios para que la entidad con la cual tengo concertada la prestaci\u00f3n de servicios que solicito, pueda proceder al pago de dicho coste. En el caso que ejerza el derecho de oposici\u00f3n al respeto, esto significar\u00e1 que me corresponder\u00e1 a m\u00ed personalmente hacerme cargo de su pago.\n\t\t<\/p>\n\t\t<p><br \/>\nComo medio de comunicaci\u00f3n, doy mi consentimiento para recibir comunicaciones v\u00eda sms, whatsapp, o cualquier otro medio de mensajer\u00eda instant\u00e1nea.<br \/>\n<span class=\"wpcf7-form-control-wrap\" data-name=\"mitjacom\"><span class=\"wpcf7-form-control wpcf7-checkbox wpcf7-validates-as-required wpcf7-exclusive-checkbox\"><span class=\"wpcf7-list-item first\"><label><input type=\"checkbox\" name=\"mitjacom\" value=\"SI acepto\" \/><span class=\"wpcf7-list-item-label\">SI acepto<\/span><\/label><\/span><span class=\"wpcf7-list-item last\"><label><input type=\"checkbox\" name=\"mitjacom\" value=\"NO acepto\" \/><span class=\"wpcf7-list-item-label\">NO acepto<\/span><\/label><\/span><\/span><\/span>\n\t\t<\/p>\n\t<\/div>\n<\/div>\n<div class=\"vc_row\" style=\"margin-top:50px;\">\n\t<div class=\"vc_col-xs-12 vc_col-sm-4\">\n\t\t<p><span class=\"wpcf7-form-control-wrap\" data-name=\"persona_interesada\"><input size=\"40\" maxlength=\"400\" class=\"wpcf7-form-control wpcf7-text wpcf7-validates-as-required\" aria-required=\"true\" aria-invalid=\"false\" placeholder=\"Persona interesada\" value=\"\" type=\"text\" name=\"persona_interesada\" \/><\/span><br \/>\n<span class=\"wpcf7-form-control-wrap\" data-name=\"dni_interessat\"><input size=\"40\" maxlength=\"400\" class=\"wpcf7-form-control wpcf7-text wpcf7-validates-as-required\" aria-required=\"true\" aria-invalid=\"false\" placeholder=\"DNI persona interesada\" value=\"\" type=\"text\" name=\"dni_interessat\" \/><\/span>\n\t\t<\/p>\n\t<\/div>\n\t<div class=\"vc_col-xs-12 vc_col-sm-4\">\n\t<\/div>\n\t<div class=\"vc_col-xs-12 vc_col-sm-4\">\n\t\t<p><span class=\"wpcf7-form-control-wrap\" data-name=\"responsable\"><input size=\"40\" maxlength=\"400\" class=\"wpcf7-form-control wpcf7-text\" aria-invalid=\"false\" placeholder=\"Padre\/ Madre\/ Tutor legal\" value=\"\" type=\"text\" name=\"responsable\" \/><\/span><br \/>\n<span class=\"wpcf7-form-control-wrap\" data-name=\"dni_responsable\"><input size=\"40\" maxlength=\"400\" class=\"wpcf7-form-control wpcf7-text\" aria-invalid=\"false\" placeholder=\"DNI Padre\/ Madre\/ Tutor legal\" value=\"\" type=\"text\" name=\"dni_responsable\" \/><\/span>\n\t\t<\/p>\n\t\t<p id=\"mg\" style=\"display:none; color:red;\"><span class=\"color: red;\">Debes rellenar los datos del padre\/madre\/tutor legal<\/span>\n\t\t<\/p>\n\t<\/div>\n<\/div>\n<div class=\"vc_row\" style=\"margin-top:30px;\">\n\t<div class=\"vc_col-xs-12\">\n\t\t<p><span class=\"wpcf7-form-control-wrap\" data-name=\"acceptacio-politica-privacitat\"><span class=\"wpcf7-form-control wpcf7-acceptance\"><span class=\"wpcf7-list-item\"><label><input type=\"checkbox\" name=\"acceptacio-politica-privacitat\" value=\"1\" aria-invalid=\"false\" \/><span class=\"wpcf7-list-item-label\">He le\u00eddo y acepto la <a href=\"\/es\/aviso-legal\/\">Pol\u00edtica de Privacitat<\/a><\/span><\/label><\/span><\/span><\/span><br \/>\n<span class=\"wpcf7-form-control-wrap\" data-name=\"avui\"><input size=\"40\" maxlength=\"400\" class=\"wpcf7-form-control wpcf7-text ocult\" id=\"avui\" aria-invalid=\"false\" value=\"\" type=\"text\" name=\"avui\" \/><\/span>\n\t\t<\/p>\n\t<\/div>\n\t<div class=\"vc_row\" style=\"margin-top:20px;\">\n\t\t<div class=\"vc_col-xs-12\" style=\"margin-left:15px;\">\n\t\t\t<p><input class=\"wpcf7-form-control wpcf7-submit has-spinner\" type=\"submit\" value=\"Enviar\" \/>\n\t\t\t<\/p>\n\t\t<\/div>\n\t<\/div>\n<\/div><input type='hidden' class='wpcf7-pum' value='{\"closepopup\":false,\"closedelay\":0,\"openpopup\":false,\"openpopup_id\":0}' \/><div class=\"wpcf7-response-output\" aria-hidden=\"true\"><\/div>\n<\/form>\n<\/div>\n[vc_empty_space][\/vc_column][\/vc_row][vc_row css_animation=\u00bb\u00bb row_type=\u00bbrow\u00bb use_row_as_full_screen_section=\u00bbno\u00bb type=\u00bbfull_width\u00bb angled_section=\u00bbno\u00bb text_align=\u00bbleft\u00bb background_image_as_pattern=\u00bbwithout_pattern\u00bb][vc_column][vc_raw_js]JTNDc2NyaXB0JTIwdHlwZSUzRCUyMnRleHQlMkZqYXZhc2NyaXB0JTIyJTNFJTIwJTBBalF1ZXJ5JTI4ZnVuY3Rpb24lMjAlMjglMjQlMjklMjAlN0IlMEElMjAlMjAlMjB2YXIlMjBtb250aHMlMjAlM0QlMjAlNUIlMjJFbmVybyUyMiUyQyUyMCUyMkZlYnJlcm8lMjIlMkMlMjAlMjJNYXJ6byUyMiUyQyUyMCUyMkFicmlsJTIyJTJDJTIwJTIyTWF5byUyMiUyQyUyMCUyMkp1bmlvJTIyJTJDJTIwJTIySnVsaW8lMjIlMkMlMjAlMjJBZ29zdG8lMjIlMkMlMjAlMjJTZXRpZW1icmUlMjIlMkMlMjAlMjJPY3R1YnJlJTIyJTJDJTIwJTIyTm92aWVtYnJlJTIyJTJDJTIwJTIyRGljZW1icmUlMjIlNUQlM0IlMEElMjAlMjAlMjB2YXIlMjBub3clMjAlM0QlMjBuZXclMjBEYXRlJTI4JTI5JTNCJTIwJTBBJTIwJTIwJTIwdmFyJTIwZGF5JTIwJTNEJTIwJTI4JTIyMCUyMiUyMCUyQiUyMG5vdy5nZXREYXRlJTI4JTI5JTI5LnNsaWNlJTI4LTIlMjklM0IlMEElMjAlMjAlMjB2YXIlMjBtZXMlMjAlM0QlMjBtb250aHMlNUJub3cuZ2V0TW9udGglMjglMjklNUQlM0IlMEElMjAlMjAlMjB2YXIlMjB0b2RheSUyMCUzRCUyMCUyOGRheSUyOSUyQiUyMiUyMGRlJTIwJTIyJTJCJTI4bWVzJTI5JTJCJTIyJTIwZGUlMjAlMjIlMkJub3cuZ2V0RnVsbFllYXIlMjglMjklM0IlMEElMjAlMjAlMjQlMjglMjclMjNhdnVpJTI3JTI5LnZhbCUyOHRvZGF5JTI5JTNCJTBBJTBBJTdEJTI5JTNCJTBBJTBBalF1ZXJ5JTI4ZnVuY3Rpb24lMjAlMjglMjQlMjklMjAlN0IlMEElMjAlMjAlMjQlMjglMjcuZWRhdCUyMC5maXJzdCUyMGlucHV0JTVCdHlwZSUzRCUyMmNoZWNrYm94JTIyJTVEJTI3JTI5LmNsaWNrJTI4ZnVuY3Rpb24lMjglMjklN0IlMEElMjAlMjAlMjAlMjAlMjAlMjAlMjAlMjAlMjAlMjAlMjAlMjBpZiUyOCUyNCUyOHRoaXMlMjkucHJvcCUyOCUyMmNoZWNrZWQlMjIlMjklMjAlM0QlM0QlMjB0cnVlJTI5JTdCJTBBJTI0JTI4JTI3JTIzbWclMjclMjkuc2hvdyUyOCUyOSUzQiUwQSUyMCUyMCUyMCUyMCUyMCUyMCUyMCUyMCUyMCUyMCUyMCUyMCU3RCUwQSUyMCUyMCUyMCUyMCUyMCUyMCUyMCUyMCUyMCUyMCUyMCUyMGVsc2UlMjBpZiUyOCUyNCUyOHRoaXMlMjkucHJvcCUyOCUyMmNoZWNrZWQlMjIlMjklMjAlM0QlM0QlMjBmYWxzZSUyOSU3QiUwQSUyNCUyOCUyNyUyM21nJTI3JTI5LmhpZGUlMjglMjklM0IlMEElMjAlMjAlMjAlMjAlMjAlMjAlMjAlMjAlMjAlMjAlMjAlMjAlN0QlMEElMjAlMjAlMjAlMjAlMjAlMjAlMjAlMjAlN0QlMjklM0IlMEElMjAlMjAlMjQlMjglMjcuZWRhdCUyMC5sYXN0JTIwaW5wdXQlNUJ0eXBlJTNEJTIyY2hlY2tib3glMjIlNUQlMjclMjkuY2xpY2slMjhmdW5jdGlvbiUyOCUyOSU3QiUwQSUyNCUyOCUyNyUyM21nJTI3JTI5LmhpZGUlMjglMjklM0IlMEElMjAlMjAlMjAlMjAlMjAlMjAlMjAlMjAlMjAlMjAlMjAlMjAlMEElMjAlMjAlMjAlMjAlMjAlMjAlMjAlMjAlN0QlMjklM0IlMEElMEElN0QlMjklM0IlMEElMEElMEElMEElMEElMjAlMjAlMjAlMjAlMjAlMjAlMEElMjAlMjAlMjAlMEElMEElMEElM0MlMkZzY3JpcHQlM0U=[\/vc_raw_js][\/vc_column][\/vc_row]<\/p>\n<\/div>","protected":false},"excerpt":{"rendered":"<p>[vc_row css_animation=\u00bb\u00bb row_type=\u00bbrow\u00bb use_row_as_full_screen_section=\u00bbno\u00bb type=\u00bbfull_width\u00bb angled_section=\u00bbno\u00bb text_align=\u00bbleft\u00bb background_image_as_pattern=\u00bbwithout_pattern\u00bb css=\u00bb.vc_custom_1589281946917{margin-bottom: 80px !important;}\u00bb z_index=\u00bb\u00bb][vc_column][vc_empty_space][vc_empty_space][\/vc_column][\/vc_row][vc_row css_animation=\u00bb\u00bb row_type=\u00bbrow\u00bb use_row_as_full_screen_section=\u00bbno\u00bb type=\u00bbfull_width\u00bb angled_section=\u00bbno\u00bb text_align=\u00bbleft\u00bb background_image_as_pattern=\u00bbwithout_pattern\u00bb][vc_column][vc_raw_js]JTNDc2NyaXB0JTIwdHlwZSUzRCUyMnRleHQlMkZqYXZhc2NyaXB0JTIyJTNFJTIwJTBBalF1ZXJ5JTI4ZnVuY3Rpb24lMjAlMjglMjQlMjklMjAlN0IlMEElMjAlMjAlMjB2YXIlMjBtb250aHMlMjAlM0QlMjAlNUIlMjJFbmVybyUyMiUyQyUyMCUyMkZlYnJlcm8lMjIlMkMlMjAlMjJNYXJ6byUyMiUyQyUyMCUyMkFicmlsJTIyJTJDJTIwJTIyTWF5byUyMiUyQyUyMCUyMkp1bmlvJTIyJTJDJTIwJTIySnVsaW8lMjIlMkMlMjAlMjJBZ29zdG8lMjIlMkMlMjAlMjJTZXRpZW1icmUlMjIlMkMlMjAlMjJPY3R1YnJlJTIyJTJDJTIwJTIyTm92aWVtYnJlJTIyJTJDJTIwJTIyRGljZW1icmUlMjIlNUQlM0IlMEElMjAlMjAlMjB2YXIlMjBub3clMjAlM0QlMjBuZXclMjBEYXRlJTI4JTI5JTNCJTIwJTBBJTIwJTIwJTIwdmFyJTIwZGF5JTIwJTNEJTIwJTI4JTIyMCUyMiUyMCUyQiUyMG5vdy5nZXREYXRlJTI4JTI5JTI5LnNsaWNlJTI4LTIlMjklM0IlMEElMjAlMjAlMjB2YXIlMjBtZXMlMjAlM0QlMjBtb250aHMlNUJub3cuZ2V0TW9udGglMjglMjklNUQlM0IlMEElMjAlMjAlMjB2YXIlMjB0b2RheSUyMCUzRCUyMCUyOGRheSUyOSUyQiUyMiUyMGRlJTIwJTIyJTJCJTI4bWVzJTI5JTJCJTIyJTIwZGUlMjAlMjIlMkJub3cuZ2V0RnVsbFllYXIlMjglMjklM0IlMEElMjAlMjAlMjQlMjglMjclMjNhdnVpJTI3JTI5LnZhbCUyOHRvZGF5JTI5JTNCJTBBJTBBJTdEJTI5JTNCJTBBJTBBalF1ZXJ5JTI4ZnVuY3Rpb24lMjAlMjglMjQlMjklMjAlN0IlMEElMjAlMjAlMjQlMjglMjcuZWRhdCUyMC5maXJzdCUyMGlucHV0JTVCdHlwZSUzRCUyMmNoZWNrYm94JTIyJTVEJTI3JTI5LmNsaWNrJTI4ZnVuY3Rpb24lMjglMjklN0IlMEElMjAlMjAlMjAlMjAlMjAlMjAlMjAlMjAlMjAlMjAlMjAlMjBpZiUyOCUyNCUyOHRoaXMlMjkucHJvcCUyOCUyMmNoZWNrZWQlMjIlMjklMjAlM0QlM0QlMjB0cnVlJTI5JTdCJTBBJTI0JTI4JTI3JTIzbWclMjclMjkuc2hvdyUyOCUyOSUzQiUwQSUyMCUyMCUyMCUyMCUyMCUyMCUyMCUyMCUyMCUyMCUyMCUyMCU3RCUwQSUyMCUyMCUyMCUyMCUyMCUyMCUyMCUyMCUyMCUyMCUyMCUyMGVsc2UlMjBpZiUyOCUyNCUyOHRoaXMlMjkucHJvcCUyOCUyMmNoZWNrZWQlMjIlMjklMjAlM0QlM0QlMjBmYWxzZSUyOSU3QiUwQSUyNCUyOCUyNyUyM21nJTI3JTI5LmhpZGUlMjglMjklM0IlMEElMjAlMjAlMjAlMjAlMjAlMjAlMjAlMjAlMjAlMjAlMjAlMjAlN0QlMEElMjAlMjAlMjAlMjAlMjAlMjAlMjAlMjAlN0QlMjklM0IlMEElMjAlMjAlMjQlMjglMjcuZWRhdCUyMC5sYXN0JTIwaW5wdXQlNUJ0eXBlJTNEJTIyY2hlY2tib3glMjIlNUQlMjclMjkuY2xpY2slMjhmdW5jdGlvbiUyOCUyOSU3QiUwQSUyNCUyOCUyNyUyM21nJTI3JTI5LmhpZGUlMjglMjklM0IlMEElMjAlMjAlMjAlMjAlMjAlMjAlMjAlMjAlMjAlMjAlMjAlMjAlMEElMjAlMjAlMjAlMjAlMjAlMjAlMjAlMjAlN0QlMjklM0IlMEElMEElN0QlMjklM0IlMEElMEElMEElMEElMEElMjAlMjAlMjAlMjAlMjAlMjAlMEElMjAlMjAlMjAlMEElMEElMEElM0MlMkZzY3JpcHQlM0U=[\/vc_raw_js][\/vc_column][\/vc_row]<\/p>\n","protected":false},"author":2,"featured_media":0,"parent":0,"menu_order":0,"comment_status":"closed","ping_status":"closed","template":"","meta":{"footnotes":""},"class_list":["post-20462","page","type-page","status-publish","hentry"],"yoast_head":"<!-- This site is optimized with the Yoast SEO plugin v25.2 - https:\/\/yoast.com\/wordpress\/plugins\/seo\/ -->\n<title>Protecci\u00f3n de datos | CFP Maresme<\/title>\n<meta name=\"robots\" content=\"index, follow, max-snippet:-1, max-image-preview:large, max-video-preview:-1\" \/>\n<link rel=\"canonical\" href=\"https:\/\/cfpmaresme.org\/es\/proteccion-de-datos\/\" \/>\n<meta property=\"og:locale\" content=\"es_ES\" \/>\n<meta property=\"og:type\" content=\"article\" \/>\n<meta property=\"og:title\" content=\"Protecci\u00f3n de datos | CFP Maresme\" \/>\n<meta property=\"og:description\" content=\"[vc_row css_animation=\u00bb\u00bb row_type=\u00bbrow\u00bb use_row_as_full_screen_section=\u00bbno\u00bb type=\u00bbfull_width\u00bb angled_section=\u00bbno\u00bb text_align=\u00bbleft\u00bb background_image_as_pattern=\u00bbwithout_pattern\u00bb css=\u00bb.vc_custom_1589281946917{margin-bottom: 80px !important;}\u00bb z_index=\u00bb\u00bb][vc_column][vc_empty_space][vc_empty_space][\/vc_column][\/vc_row][vc_row css_animation=\u00bb\u00bb row_type=\u00bbrow\u00bb use_row_as_full_screen_section=\u00bbno\u00bb type=\u00bbfull_width\u00bb angled_section=\u00bbno\u00bb text_align=\u00bbleft\u00bb background_image_as_pattern=\u00bbwithout_pattern\u00bb][vc_column][vc_raw_js]JTNDc2NyaXB0JTIwdHlwZSUzRCUyMnRleHQlMkZqYXZhc2NyaXB0JTIyJTNFJTIwJTBBalF1ZXJ5JTI4ZnVuY3Rpb24lMjAlMjglMjQlMjklMjAlN0IlMEElMjAlMjAlMjB2YXIlMjBtb250aHMlMjAlM0QlMjAlNUIlMjJFbmVybyUyMiUyQyUyMCUyMkZlYnJlcm8lMjIlMkMlMjAlMjJNYXJ6byUyMiUyQyUyMCUyMkFicmlsJTIyJTJDJTIwJTIyTWF5byUyMiUyQyUyMCUyMkp1bmlvJTIyJTJDJTIwJTIySnVsaW8lMjIlMkMlMjAlMjJBZ29zdG8lMjIlMkMlMjAlMjJTZXRpZW1icmUlMjIlMkMlMjAlMjJPY3R1YnJlJTIyJTJDJTIwJTIyTm92aWVtYnJlJTIyJTJDJTIwJTIyRGljZW1icmUlMjIlNUQlM0IlMEElMjAlMjAlMjB2YXIlMjBub3clMjAlM0QlMjBuZXclMjBEYXRlJTI4JTI5JTNCJTIwJTBBJTIwJTIwJTIwdmFyJTIwZGF5JTIwJTNEJTIwJTI4JTIyMCUyMiUyMCUyQiUyMG5vdy5nZXREYXRlJTI4JTI5JTI5LnNsaWNlJTI4LTIlMjklM0IlMEElMjAlMjAlMjB2YXIlMjBtZXMlMjAlM0QlMjBtb250aHMlNUJub3cuZ2V0TW9udGglMjglMjklNUQlM0IlMEElMjAlMjAlMjB2YXIlMjB0b2RheSUyMCUzRCUyMCUyOGRheSUyOSUyQiUyMiUyMGRlJTIwJTIyJTJCJTI4bWVzJTI5JTJCJTIyJTIwZGUlMjAlMjIlMkJub3cuZ2V0RnVsbFllYXIlMjglMjklM0IlMEElMjAlMjAlMjQlMjglMjclMjNhdnVpJTI3JTI5LnZhbCUyOHRvZGF5JTI5JTNCJTBBJTBBJTdEJTI5JTNCJTBBJTBBalF1ZXJ5JTI4ZnVuY3Rpb24lMjAlMjglMjQlMjklMjAlN0IlMEElMjAlMjAlMjQlMjglMjcuZWRhdCUyMC5maXJzdCUyMGlucHV0JTVCdHlwZSUzRCUyMmNoZWNrYm94JTIyJTVEJTI3JTI5LmNsaWNrJTI4ZnVuY3Rpb24lMjglMjklN0IlMEElMjAlMjAlMjAlMjAlMjAlMjAlMjAlMjAlMjAlMjAlMjAlMjBpZiUyOCUyNCUyOHRoaXMlMjkucHJvcCUyOCUyMmNoZWNrZWQlMjIlMjklMjAlM0QlM0QlMjB0cnVlJTI5JTdCJTBBJTI0JTI4JTI3JTIzbWclMjclMjkuc2hvdyUyOCUyOSUzQiUwQSUyMCUyMCUyMCUyMCUyMCUyMCUyMCUyMCUyMCUyMCUyMCUyMCU3RCUwQSUyMCUyMCUyMCUyMCUyMCUyMCUyMCUyMCUyMCUyMCUyMCUyMGVsc2UlMjBpZiUyOCUyNCUyOHRoaXMlMjkucHJvcCUyOCUyMmNoZWNrZWQlMjIlMjklMjAlM0QlM0QlMjBmYWxzZSUyOSU3QiUwQSUyNCUyOCUyNyUyM21nJTI3JTI5LmhpZGUlMjglMjklM0IlMEElMjAlMjAlMjAlMjAlMjAlMjAlMjAlMjAlMjAlMjAlMjAlMjAlN0QlMEElMjAlMjAlMjAlMjAlMjAlMjAlMjAlMjAlN0QlMjklM0IlMEElMjAlMjAlMjQlMjglMjcuZWRhdCUyMC5sYXN0JTIwaW5wdXQlNUJ0eXBlJTNEJTIyY2hlY2tib3glMjIlNUQlMjclMjkuY2xpY2slMjhmdW5jdGlvbiUyOCUyOSU3QiUwQSUyNCUyOCUyNyUyM21nJTI3JTI5LmhpZGUlMjglMjklM0IlMEElMjAlMjAlMjAlMjAlMjAlMjAlMjAlMjAlMjAlMjAlMjAlMjAlMEElMjAlMjAlMjAlMjAlMjAlMjAlMjAlMjAlN0QlMjklM0IlMEElMEElN0QlMjklM0IlMEElMEElMEElMEElMEElMjAlMjAlMjAlMjAlMjAlMjAlMEElMjAlMjAlMjAlMEElMEElMEElM0MlMkZzY3JpcHQlM0U=[\/vc_raw_js][\/vc_column][\/vc_row]\" \/>\n<meta property=\"og:url\" content=\"https:\/\/cfpmaresme.org\/es\/proteccion-de-datos\/\" \/>\n<meta property=\"og:site_name\" content=\"CFP Maresme\" \/>\n<meta property=\"article:modified_time\" content=\"2020-06-05T07:03:32+00:00\" \/>\n<meta name=\"twitter:card\" content=\"summary_large_image\" \/>\n<meta name=\"twitter:site\" content=\"@cfpmaresme\" \/>\n<meta name=\"twitter:label1\" content=\"Tiempo de lectura\" \/>\n\t<meta name=\"twitter:data1\" content=\"1 minuto\" \/>\n<script type=\"application\/ld+json\" class=\"yoast-schema-graph\">{\"@context\":\"https:\/\/schema.org\",\"@graph\":[{\"@type\":\"WebPage\",\"@id\":\"https:\/\/cfpmaresme.org\/es\/proteccion-de-datos\/\",\"url\":\"https:\/\/cfpmaresme.org\/es\/proteccion-de-datos\/\",\"name\":\"Protecci\u00f3n de datos | CFP Maresme\",\"isPartOf\":{\"@id\":\"https:\/\/cfpmaresme.org\/#website\"},\"datePublished\":\"2020-06-04T08:49:39+00:00\",\"dateModified\":\"2020-06-05T07:03:32+00:00\",\"breadcrumb\":{\"@id\":\"https:\/\/cfpmaresme.org\/es\/proteccion-de-datos\/#breadcrumb\"},\"inLanguage\":\"es\",\"potentialAction\":[{\"@type\":\"ReadAction\",\"target\":[\"https:\/\/cfpmaresme.org\/es\/proteccion-de-datos\/\"]}]},{\"@type\":\"BreadcrumbList\",\"@id\":\"https:\/\/cfpmaresme.org\/es\/proteccion-de-datos\/#breadcrumb\",\"itemListElement\":[{\"@type\":\"ListItem\",\"position\":1,\"name\":\"Home\",\"item\":\"https:\/\/cfpmaresme.org\/es\/\"},{\"@type\":\"ListItem\",\"position\":2,\"name\":\"Protecci\u00f3n de datos\"}]},{\"@type\":\"WebSite\",\"@id\":\"https:\/\/cfpmaresme.org\/#website\",\"url\":\"https:\/\/cfpmaresme.org\/\",\"name\":\"CFP Maresme\",\"description\":\"Centre Formaci\u00f3 Prevenci\u00f3\",\"potentialAction\":[{\"@type\":\"SearchAction\",\"target\":{\"@type\":\"EntryPoint\",\"urlTemplate\":\"https:\/\/cfpmaresme.org\/?s={search_term_string}\"},\"query-input\":{\"@type\":\"PropertyValueSpecification\",\"valueRequired\":true,\"valueName\":\"search_term_string\"}}],\"inLanguage\":\"es\"}]}<\/script>\n<!-- \/ Yoast SEO plugin. -->","yoast_head_json":{"title":"Protecci\u00f3n de datos | CFP Maresme","robots":{"index":"index","follow":"follow","max-snippet":"max-snippet:-1","max-image-preview":"max-image-preview:large","max-video-preview":"max-video-preview:-1"},"canonical":"https:\/\/cfpmaresme.org\/es\/proteccion-de-datos\/","og_locale":"es_ES","og_type":"article","og_title":"Protecci\u00f3n de datos | CFP Maresme","og_description":"[vc_row css_animation=\u00bb\u00bb row_type=\u00bbrow\u00bb use_row_as_full_screen_section=\u00bbno\u00bb type=\u00bbfull_width\u00bb angled_section=\u00bbno\u00bb text_align=\u00bbleft\u00bb background_image_as_pattern=\u00bbwithout_pattern\u00bb css=\u00bb.vc_custom_1589281946917{margin-bottom: 80px !important;}\u00bb z_index=\u00bb\u00bb][vc_column][vc_empty_space][vc_empty_space][\/vc_column][\/vc_row][vc_row css_animation=\u00bb\u00bb row_type=\u00bbrow\u00bb use_row_as_full_screen_section=\u00bbno\u00bb type=\u00bbfull_width\u00bb angled_section=\u00bbno\u00bb text_align=\u00bbleft\u00bb background_image_as_pattern=\u00bbwithout_pattern\u00bb][vc_column][vc_raw_js]JTNDc2NyaXB0JTIwdHlwZSUzRCUyMnRleHQlMkZqYXZhc2NyaXB0JTIyJTNFJTIwJTBBalF1ZXJ5JTI4ZnVuY3Rpb24lMjAlMjglMjQlMjklMjAlN0IlMEElMjAlMjAlMjB2YXIlMjBtb250aHMlMjAlM0QlMjAlNUIlMjJFbmVybyUyMiUyQyUyMCUyMkZlYnJlcm8lMjIlMkMlMjAlMjJNYXJ6byUyMiUyQyUyMCUyMkFicmlsJTIyJTJDJTIwJTIyTWF5byUyMiUyQyUyMCUyMkp1bmlvJTIyJTJDJTIwJTIySnVsaW8lMjIlMkMlMjAlMjJBZ29zdG8lMjIlMkMlMjAlMjJTZXRpZW1icmUlMjIlMkMlMjAlMjJPY3R1YnJlJTIyJTJDJTIwJTIyTm92aWVtYnJlJTIyJTJDJTIwJTIyRGljZW1icmUlMjIlNUQlM0IlMEElMjAlMjAlMjB2YXIlMjBub3clMjAlM0QlMjBuZXclMjBEYXRlJTI4JTI5JTNCJTIwJTBBJTIwJTIwJTIwdmFyJTIwZGF5JTIwJTNEJTIwJTI4JTIyMCUyMiUyMCUyQiUyMG5vdy5nZXREYXRlJTI4JTI5JTI5LnNsaWNlJTI4LTIlMjklM0IlMEElMjAlMjAlMjB2YXIlMjBtZXMlMjAlM0QlMjBtb250aHMlNUJub3cuZ2V0TW9udGglMjglMjklNUQlM0IlMEElMjAlMjAlMjB2YXIlMjB0b2RheSUyMCUzRCUyMCUyOGRheSUyOSUyQiUyMiUyMGRlJTIwJTIyJTJCJTI4bWVzJTI5JTJCJTIyJTIwZGUlMjAlMjIlMkJub3cuZ2V0RnVsbFllYXIlMjglMjklM0IlMEElMjAlMjAlMjQlMjglMjclMjNhdnVpJTI3JTI5LnZhbCUyOHRvZGF5JTI5JTNCJTBBJTBBJTdEJTI5JTNCJTBBJTBBalF1ZXJ5JTI4ZnVuY3Rpb24lMjAlMjglMjQlMjklMjAlN0IlMEElMjAlMjAlMjQlMjglMjcuZWRhdCUyMC5maXJzdCUyMGlucHV0JTVCdHlwZSUzRCUyMmNoZWNrYm94JTIyJTVEJTI3JTI5LmNsaWNrJTI4ZnVuY3Rpb24lMjglMjklN0IlMEElMjAlMjAlMjAlMjAlMjAlMjAlMjAlMjAlMjAlMjAlMjAlMjBpZiUyOCUyNCUyOHRoaXMlMjkucHJvcCUyOCUyMmNoZWNrZWQlMjIlMjklMjAlM0QlM0QlMjB0cnVlJTI5JTdCJTBBJTI0JTI4JTI3JTIzbWclMjclMjkuc2hvdyUyOCUyOSUzQiUwQSUyMCUyMCUyMCUyMCUyMCUyMCUyMCUyMCUyMCUyMCUyMCUyMCU3RCUwQSUyMCUyMCUyMCUyMCUyMCUyMCUyMCUyMCUyMCUyMCUyMCUyMGVsc2UlMjBpZiUyOCUyNCUyOHRoaXMlMjkucHJvcCUyOCUyMmNoZWNrZWQlMjIlMjklMjAlM0QlM0QlMjBmYWxzZSUyOSU3QiUwQSUyNCUyOCUyNyUyM21nJTI3JTI5LmhpZGUlMjglMjklM0IlMEElMjAlMjAlMjAlMjAlMjAlMjAlMjAlMjAlMjAlMjAlMjAlMjAlN0QlMEElMjAlMjAlMjAlMjAlMjAlMjAlMjAlMjAlN0QlMjklM0IlMEElMjAlMjAlMjQlMjglMjcuZWRhdCUyMC5sYXN0JTIwaW5wdXQlNUJ0eXBlJTNEJTIyY2hlY2tib3glMjIlNUQlMjclMjkuY2xpY2slMjhmdW5jdGlvbiUyOCUyOSU3QiUwQSUyNCUyOCUyNyUyM21nJTI3JTI5LmhpZGUlMjglMjklM0IlMEElMjAlMjAlMjAlMjAlMjAlMjAlMjAlMjAlMjAlMjAlMjAlMjAlMEElMjAlMjAlMjAlMjAlMjAlMjAlMjAlMjAlN0QlMjklM0IlMEElMEElN0QlMjklM0IlMEElMEElMEElMEElMEElMjAlMjAlMjAlMjAlMjAlMjAlMEElMjAlMjAlMjAlMEElMEElMEElM0MlMkZzY3JpcHQlM0U=[\/vc_raw_js][\/vc_column][\/vc_row]","og_url":"https:\/\/cfpmaresme.org\/es\/proteccion-de-datos\/","og_site_name":"CFP Maresme","article_modified_time":"2020-06-05T07:03:32+00:00","twitter_card":"summary_large_image","twitter_site":"@cfpmaresme","twitter_misc":{"Tiempo de lectura":"1 minuto"},"schema":{"@context":"https:\/\/schema.org","@graph":[{"@type":"WebPage","@id":"https:\/\/cfpmaresme.org\/es\/proteccion-de-datos\/","url":"https:\/\/cfpmaresme.org\/es\/proteccion-de-datos\/","name":"Protecci\u00f3n de datos | CFP Maresme","isPartOf":{"@id":"https:\/\/cfpmaresme.org\/#website"},"datePublished":"2020-06-04T08:49:39+00:00","dateModified":"2020-06-05T07:03:32+00:00","breadcrumb":{"@id":"https:\/\/cfpmaresme.org\/es\/proteccion-de-datos\/#breadcrumb"},"inLanguage":"es","potentialAction":[{"@type":"ReadAction","target":["https:\/\/cfpmaresme.org\/es\/proteccion-de-datos\/"]}]},{"@type":"BreadcrumbList","@id":"https:\/\/cfpmaresme.org\/es\/proteccion-de-datos\/#breadcrumb","itemListElement":[{"@type":"ListItem","position":1,"name":"Home","item":"https:\/\/cfpmaresme.org\/es\/"},{"@type":"ListItem","position":2,"name":"Protecci\u00f3n de datos"}]},{"@type":"WebSite","@id":"https:\/\/cfpmaresme.org\/#website","url":"https:\/\/cfpmaresme.org\/","name":"CFP Maresme","description":"Centre Formaci\u00f3 Prevenci\u00f3","potentialAction":[{"@type":"SearchAction","target":{"@type":"EntryPoint","urlTemplate":"https:\/\/cfpmaresme.org\/?s={search_term_string}"},"query-input":{"@type":"PropertyValueSpecification","valueRequired":true,"valueName":"search_term_string"}}],"inLanguage":"es"}]}},"_links":{"self":[{"href":"https:\/\/cfpmaresme.org\/es\/wp-json\/wp\/v2\/pages\/20462","targetHints":{"allow":["GET"]}}],"collection":[{"href":"https:\/\/cfpmaresme.org\/es\/wp-json\/wp\/v2\/pages"}],"about":[{"href":"https:\/\/cfpmaresme.org\/es\/wp-json\/wp\/v2\/types\/page"}],"author":[{"embeddable":true,"href":"https:\/\/cfpmaresme.org\/es\/wp-json\/wp\/v2\/users\/2"}],"replies":[{"embeddable":true,"href":"https:\/\/cfpmaresme.org\/es\/wp-json\/wp\/v2\/comments?post=20462"}],"version-history":[{"count":3,"href":"https:\/\/cfpmaresme.org\/es\/wp-json\/wp\/v2\/pages\/20462\/revisions"}],"predecessor-version":[{"id":20496,"href":"https:\/\/cfpmaresme.org\/es\/wp-json\/wp\/v2\/pages\/20462\/revisions\/20496"}],"wp:attachment":[{"href":"https:\/\/cfpmaresme.org\/es\/wp-json\/wp\/v2\/media?parent=20462"}],"curies":[{"name":"wp","href":"https:\/\/api.w.org\/{rel}","templated":true}]}}