{"id":94673,"date":"2024-06-12T09:55:44","date_gmt":"2024-06-12T07:55:44","guid":{"rendered":"https:\/\/cfpmaresme.org\/estoa\/"},"modified":"2025-12-02T14:13:51","modified_gmt":"2025-12-02T12:13:51","slug":"estoa","status":"publish","type":"page","link":"https:\/\/cfpmaresme.org\/es\/estoa\/","title":{"rendered":"Estoa: soporte a la autonom\u00eda de j\u00f3venes con autismo y\/o discapacidad intelectual"},"content":{"rendered":"<div class=\"wpb-content-wrapper\"><p>[vc_row css_animation=\u00bb\u00bb row_type=\u00bbrow\u00bb use_row_as_full_screen_section=\u00bbno\u00bb type=\u00bbfull_width\u00bb angled_section=\u00bbno\u00bb text_align=\u00bbleft\u00bb background_image_as_pattern=\u00bbwithout_pattern\u00bb][vc_column]<blockquote class=' with_quote_icon' style=''><i class='fa fa-quote-right' style=''><\/i><h5 class='blockquote-text' style=''>Estoa: un espacio de soporte donde crear un v\u00ednculo afectivo y caminar hacia la autonom\u00eda<\/h5><\/blockquote>[\/vc_column][\/vc_row][vc_row css_animation=\u00bb\u00bb row_type=\u00bbrow\u00bb use_row_as_full_screen_section=\u00bbno\u00bb type=\u00bbfull_width\u00bb angled_section=\u00bbno\u00bb text_align=\u00bbleft\u00bb background_image_as_pattern=\u00bbwithout_pattern\u00bb][vc_column][vc_empty_space][\/vc_column][\/vc_row][vc_row css_animation=\u00bb\u00bb row_type=\u00bbrow\u00bb use_row_as_full_screen_section=\u00bbno\u00bb type=\u00bbfull_width\u00bb angled_section=\u00bbno\u00bb text_align=\u00bbleft\u00bb background_image_as_pattern=\u00bbwithout_pattern\u00bb][vc_column width=\u00bb1\/2&#8243;][vc_column_text]Desde <strong>Estoa<\/strong> acompa\u00f1amos de forma profesional e integral a <strong>j\u00f3venes y adolescentes<\/strong> con <strong>Autismo<\/strong> y\/o <strong>Discapacidad intelectual.<\/strong> Escuchamos sus necesidades y preparamos un itinerario adaptado a aquello que necesita cada persona. Trabajamos por y para la inclusi\u00f3n social, invirtiendo en un futuro m\u00e1s accesible para todas las personas.[\/vc_column_text][vc_empty_space height=\u00bb20px\u00bb][\/vc_column][vc_column width=\u00bb1\/2&#8243;][vc_single_image image=\u00bb94668&#8243; img_size=\u00bb420&#215;240&#8243; qode_css_animation=\u00bb\u00bb][vc_empty_space height=\u00bb20px\u00bb][vc_empty_space height=\u00bb20px\u00bb][\/vc_column][\/vc_row][vc_row css_animation=\u00bb\u00bb row_type=\u00bbrow\u00bb use_row_as_full_screen_section=\u00bbno\u00bb type=\u00bbfull_width\u00bb angled_section=\u00bbno\u00bb text_align=\u00bbleft\u00bb background_image_as_pattern=\u00bbwithout_pattern\u00bb][vc_column][vc_separator type=\u00bbnormal\u00bb][\/vc_column][\/vc_row][vc_row css_animation=\u00bb\u00bb row_type=\u00bbrow\u00bb use_row_as_full_screen_section=\u00bbno\u00bb type=\u00bbfull_width\u00bb angled_section=\u00bbno\u00bb text_align=\u00bbleft\u00bb background_image_as_pattern=\u00bbwithout_pattern\u00bb][vc_column][vc_column_text]<\/p>\n<h2>A quien nos dirigimos<\/h2>\n<ul>\n<li>Adolescentes y j\u00f3venes de 12 a 30 a\u00f1os.<\/li>\n<li>Imprescindible tener un Grado de Dependencia reconocido.<\/li>\n<li>Adolescentes y J\u00f3venes con Autismo y\/o Discapacidad intelectual.<\/li>\n<\/ul>\n<p>[\/vc_column_text][\/vc_column][\/vc_row][vc_row css_animation=\u00bb\u00bb row_type=\u00bbrow\u00bb use_row_as_full_screen_section=\u00bbno\u00bb type=\u00bbfull_width\u00bb angled_section=\u00bbno\u00bb text_align=\u00bbleft\u00bb background_image_as_pattern=\u00bbwithout_pattern\u00bb][vc_column][vc_separator type=\u00bbnormal\u00bb][\/vc_column][\/vc_row][vc_row css_animation=\u00bb\u00bb row_type=\u00bbrow\u00bb use_row_as_full_screen_section=\u00bbno\u00bb type=\u00bbfull_width\u00bb angled_section=\u00bbno\u00bb text_align=\u00bbleft\u00bb background_image_as_pattern=\u00bbwithout_pattern\u00bb][vc_column][vc_column_text]<\/p>\n<h2>Acciones que realizamos:<\/h2>\n<p><strong>Acompa\u00f1amiento en la adquisici\u00f3n de autonom\u00eda.\u00a0<\/strong><\/p>\n<p>Soporte, tanto individual como grupal, para adquirir m\u00e1s habilidades para realizar las tareas rutinarias del d\u00eda a d\u00eda, tanto dentro como fuera del hogar.<\/p>\n<p>&nbsp;<\/p>\n<p><strong>Acompa\u00f1amiento en la formaci\u00f3n y en el mundo laboral.\u00a0<\/strong><\/p>\n<p>Orientaci\u00f3n en la formaci\u00f3n regalada y no reglada y para acceder al mercado laboral. Trabajamos aspectos como la preparaci\u00f3n de entrevistas de trabajo, t\u00e9cnicas para la gesti\u00f3n del estr\u00e9s, y el acompa\u00f1amiento familiar.<\/p>\n<p>&nbsp;<\/p>\n<p><strong>Soporte para la construcci\u00f3n de una red propia.\u00a0<\/strong><\/p>\n<p>&nbsp;<\/p>\n<p><strong>Acompa\u00f1amiento en el proceso de inclusi\u00f3n comunitaria y de creaci\u00f3n y consolidaci\u00f3n de v\u00ednculos. Soporte en aspectos como:\u00a0<\/strong><\/p>\n<ul>\n<li>La gesti\u00f3n de ocio y el tiempo libre<\/li>\n<li>Vinculaci\u00f3n a grupos de inter\u00e9s<\/li>\n<li>Orientaci\u00f3n individual y familiar<\/li>\n<\/ul>\n<p>[\/vc_column_text][\/vc_column][\/vc_row][vc_row css_animation=\u00bb\u00bb row_type=\u00bbrow\u00bb use_row_as_full_screen_section=\u00bbno\u00bb type=\u00bbfull_width\u00bb angled_section=\u00bbno\u00bb text_align=\u00bbleft\u00bb background_image_as_pattern=\u00bbwithout_pattern\u00bb][vc_column][vc_separator type=\u00bbnormal\u00bb][\/vc_column][\/vc_row][vc_row css_animation=\u00bb\u00bb row_type=\u00bbrow\u00bb use_row_as_full_screen_section=\u00bbno\u00bb type=\u00bbfull_width\u00bb angled_section=\u00bbno\u00bb text_align=\u00bbleft\u00bb background_image_as_pattern=\u00bbwithout_pattern\u00bb][vc_column][vc_column_text]<\/p>\n<h2>Contacte<\/h2>\n<p>[\/vc_column_text][\/vc_column][\/vc_row][vc_row css_animation=\u00bb\u00bb row_type=\u00bbrow\u00bb use_row_as_full_screen_section=\u00bbno\u00bb type=\u00bbfull_width\u00bb angled_section=\u00bbno\u00bb text_align=\u00bbleft\u00bb background_image_as_pattern=\u00bbwithout_pattern\u00bb][vc_column width=\u00bb1\/2&#8243;][vc_empty_space height=\u00bb20px\u00bb][vc_column_text css=\u00bb\u00bb]<\/p>\n<h5><i class=\"fa fa-clock-o\" style=\"padding-right: 10px;\" aria-hidden=\"true\"><\/i><span style=\"font-weight: 400;\">Horario de atenci\u00f3n: de lunes a viernes de 8 a 15 hores<\/span><\/h5>\n<p>&nbsp;<\/p>\n<h5><i class=\"fa fa-map-marker\" style=\"padding-right: 10px;\" aria-hidden=\"true\"><\/i><span style=\"font-weight: 400;\">C\/ Sant Antoni 86, 1a planta, porta 7. 08301 Matar\u00f3. <\/span><\/h5>\n<p>&nbsp;<\/p>\n<h5><i class=\"fa fa-phone\" style=\"padding-right: 10px;\" aria-hidden=\"true\"><\/i><span style=\"font-weight: 400;\">Tel. 644.17.26.91 <\/span><\/h5>\n<p>&nbsp;<\/p>\n<h5><i class=\"fa fa-user\" style=\"padding-right: 10px;\" aria-hidden=\"true\"><\/i><span style=\"font-weight: 400;\"> Responsable: Sandra Arufe<\/span><\/h5>\n<p>[\/vc_column_text][\/vc_column][vc_column width=\u00bb1\/2&#8243;][vc_column_text]No trobes el que busques o necessites m\u00e9s informaci\u00f3?[\/vc_column_text][vc_empty_space height=\u00bb20px\u00bb]\n\n\t<a href=\"#\" target=\"_self\" style=\"color: #ffffff;background-color: #144c86;font-size: 16px;text-transform: uppercase\" class=\"qode-btn qode-btn-medium qode-btn-solid qode-btn-custom-hover-bg qode-btn-custom-hover-color qode-btn-custom-icon-bg-hover-color modal-autonomia qode-btn-with-shadow qode-btn-icon-rotate qode-type1-gradient-left-to-right\" data-hover-bg-color=\"#1175a0\" data-hover-color=\"#fffff\" >\n\t    <span class=\"qode-btn-text\">Contacta amb nosaltres<\/span><span class=\"qode-button-v2-icon-holder\" style=\"border-color: #0070a0;background-color: #064b6d\" data-hover-icon-border-color=\"#008cb7\" data-hover-icon-bg-color=\"#008cb7\"><span aria-hidden=\"true\" class=\"qode_icon_font_elegant  qode-button-v2-icon-holder-inner\" ><\/span><\/span>\t<\/a>\n\n[\/vc_column][\/vc_row][vc_row css_animation=\u00bb\u00bb row_type=\u00bbrow\u00bb use_row_as_full_screen_section=\u00bbno\u00bb type=\u00bbfull_width\u00bb angled_section=\u00bbno\u00bb text_align=\u00bbleft\u00bb background_image_as_pattern=\u00bbwithout_pattern\u00bb][vc_column][vc_separator type=\u00bbnormal\u00bb][\/vc_column][\/vc_row][vc_row css_animation=\u00bb\u00bb row_type=\u00bbrow\u00bb use_row_as_full_screen_section=\u00bbno\u00bb type=\u00bbfull_width\u00bb angled_section=\u00bbno\u00bb text_align=\u00bbleft\u00bb background_image_as_pattern=\u00bbwithout_pattern\u00bb][vc_column][vc_column_text css=\u00bb\u00bb]Amb el suport del Departament de Drets Socials[\/vc_column_text][\/vc_column][\/vc_row][vc_row css_animation=\u00bb\u00bb row_type=\u00bbrow\u00bb use_row_as_full_screen_section=\u00bbno\u00bb type=\u00bbfull_width\u00bb angled_section=\u00bbno\u00bb text_align=\u00bbleft\u00bb background_image_as_pattern=\u00bbwithout_pattern\u00bb][vc_column][vc_single_image image=\u00bb94664&#8243; img_size=\u00bbmedium\u00bb qode_css_animation=\u00bb\u00bb][\/vc_column][\/vc_row][vc_row css_animation=\u00bb\u00bb row_type=\u00bbrow\u00bb use_row_as_full_screen_section=\u00bbno\u00bb type=\u00bbfull_width\u00bb angled_section=\u00bbno\u00bb text_align=\u00bbleft\u00bb background_image_as_pattern=\u00bbwithout_pattern\u00bb][vc_column][vc_empty_space][\/vc_column][\/vc_row]<\/p>\n<\/div>","protected":false},"excerpt":{"rendered":"<p>[vc_row css_animation=\u00bb\u00bb row_type=\u00bbrow\u00bb use_row_as_full_screen_section=\u00bbno\u00bb type=\u00bbfull_width\u00bb angled_section=\u00bbno\u00bb text_align=\u00bbleft\u00bb background_image_as_pattern=\u00bbwithout_pattern\u00bb][vc_column][\/vc_column][\/vc_row][vc_row css_animation=\u00bb\u00bb row_type=\u00bbrow\u00bb use_row_as_full_screen_section=\u00bbno\u00bb type=\u00bbfull_width\u00bb angled_section=\u00bbno\u00bb text_align=\u00bbleft\u00bb background_image_as_pattern=\u00bbwithout_pattern\u00bb][vc_column][vc_empty_space][\/vc_column][\/vc_row][vc_row css_animation=\u00bb\u00bb row_type=\u00bbrow\u00bb use_row_as_full_screen_section=\u00bbno\u00bb type=\u00bbfull_width\u00bb angled_section=\u00bbno\u00bb text_align=\u00bbleft\u00bb background_image_as_pattern=\u00bbwithout_pattern\u00bb][vc_column width=\u00bb1\/2&#8243;][vc_column_text]Desde Estoa acompa\u00f1amos de forma profesional e integral a j\u00f3venes y adolescentes con Autismo y\/o Discapacidad intelectual. Escuchamos sus necesidades y preparamos un&#8230;<\/p>\n","protected":false},"author":2,"featured_media":0,"parent":0,"menu_order":0,"comment_status":"closed","ping_status":"closed","template":"","meta":{"footnotes":""},"class_list":["post-94673","page","type-page","status-publish","hentry"],"yoast_head":"<!-- This site is optimized with the Yoast SEO plugin v25.2 - https:\/\/yoast.com\/wordpress\/plugins\/seo\/ -->\n<title>Estoa: soporte a la autonom\u00eda de j\u00f3venes con autismo y\/o discapacidad intelectual | CFP Maresme<\/title>\n<meta name=\"robots\" content=\"index, follow, max-snippet:-1, max-image-preview:large, max-video-preview:-1\" \/>\n<link rel=\"canonical\" href=\"https:\/\/cfpmaresme.org\/es\/estoa\/\" \/>\n<meta property=\"og:locale\" content=\"es_ES\" \/>\n<meta property=\"og:type\" content=\"article\" \/>\n<meta property=\"og:title\" content=\"Estoa: soporte a la autonom\u00eda de j\u00f3venes con autismo y\/o discapacidad intelectual | CFP Maresme\" \/>\n<meta property=\"og:description\" content=\"[vc_row css_animation=\u00bb\u00bb row_type=\u00bbrow\u00bb use_row_as_full_screen_section=\u00bbno\u00bb type=\u00bbfull_width\u00bb angled_section=\u00bbno\u00bb text_align=\u00bbleft\u00bb background_image_as_pattern=\u00bbwithout_pattern\u00bb][vc_column][\/vc_column][\/vc_row][vc_row css_animation=\u00bb\u00bb row_type=\u00bbrow\u00bb use_row_as_full_screen_section=\u00bbno\u00bb type=\u00bbfull_width\u00bb angled_section=\u00bbno\u00bb text_align=\u00bbleft\u00bb background_image_as_pattern=\u00bbwithout_pattern\u00bb][vc_column][vc_empty_space][\/vc_column][\/vc_row][vc_row css_animation=\u00bb\u00bb row_type=\u00bbrow\u00bb use_row_as_full_screen_section=\u00bbno\u00bb type=\u00bbfull_width\u00bb angled_section=\u00bbno\u00bb text_align=\u00bbleft\u00bb background_image_as_pattern=\u00bbwithout_pattern\u00bb][vc_column width=\u00bb1\/2&#8243;][vc_column_text]Desde Estoa acompa\u00f1amos de forma profesional e integral a j\u00f3venes y adolescentes con Autismo y\/o Discapacidad intelectual. Escuchamos sus necesidades y preparamos un...\" \/>\n<meta property=\"og:url\" content=\"https:\/\/cfpmaresme.org\/es\/estoa\/\" \/>\n<meta property=\"og:site_name\" content=\"CFP Maresme\" \/>\n<meta property=\"article:modified_time\" content=\"2025-12-02T12:13:51+00:00\" \/>\n<meta name=\"twitter:card\" content=\"summary_large_image\" \/>\n<meta name=\"twitter:site\" content=\"@cfpmaresme\" \/>\n<meta name=\"twitter:label1\" content=\"Tiempo de lectura\" \/>\n\t<meta name=\"twitter:data1\" content=\"3 minutos\" \/>\n<script type=\"application\/ld+json\" class=\"yoast-schema-graph\">{\"@context\":\"https:\/\/schema.org\",\"@graph\":[{\"@type\":\"WebPage\",\"@id\":\"https:\/\/cfpmaresme.org\/es\/estoa\/\",\"url\":\"https:\/\/cfpmaresme.org\/es\/estoa\/\",\"name\":\"Estoa: soporte a la autonom\u00eda de j\u00f3venes con autismo y\/o discapacidad intelectual | CFP Maresme\",\"isPartOf\":{\"@id\":\"https:\/\/cfpmaresme.org\/#website\"},\"datePublished\":\"2024-06-12T07:55:44+00:00\",\"dateModified\":\"2025-12-02T12:13:51+00:00\",\"breadcrumb\":{\"@id\":\"https:\/\/cfpmaresme.org\/es\/estoa\/#breadcrumb\"},\"inLanguage\":\"es\",\"potentialAction\":[{\"@type\":\"ReadAction\",\"target\":[\"https:\/\/cfpmaresme.org\/es\/estoa\/\"]}]},{\"@type\":\"BreadcrumbList\",\"@id\":\"https:\/\/cfpmaresme.org\/es\/estoa\/#breadcrumb\",\"itemListElement\":[{\"@type\":\"ListItem\",\"position\":1,\"name\":\"Home\",\"item\":\"https:\/\/cfpmaresme.org\/es\/\"},{\"@type\":\"ListItem\",\"position\":2,\"name\":\"Estoa: soporte a la autonom\u00eda de j\u00f3venes con autismo y\/o discapacidad intelectual\"}]},{\"@type\":\"WebSite\",\"@id\":\"https:\/\/cfpmaresme.org\/#website\",\"url\":\"https:\/\/cfpmaresme.org\/\",\"name\":\"CFP Maresme\",\"description\":\"Centre Formaci\u00f3 Prevenci\u00f3\",\"potentialAction\":[{\"@type\":\"SearchAction\",\"target\":{\"@type\":\"EntryPoint\",\"urlTemplate\":\"https:\/\/cfpmaresme.org\/?s={search_term_string}\"},\"query-input\":{\"@type\":\"PropertyValueSpecification\",\"valueRequired\":true,\"valueName\":\"search_term_string\"}}],\"inLanguage\":\"es\"}]}<\/script>\n<!-- \/ Yoast SEO plugin. -->","yoast_head_json":{"title":"Estoa: soporte a la autonom\u00eda de j\u00f3venes con autismo y\/o discapacidad intelectual | CFP Maresme","robots":{"index":"index","follow":"follow","max-snippet":"max-snippet:-1","max-image-preview":"max-image-preview:large","max-video-preview":"max-video-preview:-1"},"canonical":"https:\/\/cfpmaresme.org\/es\/estoa\/","og_locale":"es_ES","og_type":"article","og_title":"Estoa: soporte a la autonom\u00eda de j\u00f3venes con autismo y\/o discapacidad intelectual | CFP Maresme","og_description":"[vc_row css_animation=\u00bb\u00bb row_type=\u00bbrow\u00bb use_row_as_full_screen_section=\u00bbno\u00bb type=\u00bbfull_width\u00bb angled_section=\u00bbno\u00bb text_align=\u00bbleft\u00bb background_image_as_pattern=\u00bbwithout_pattern\u00bb][vc_column][\/vc_column][\/vc_row][vc_row css_animation=\u00bb\u00bb row_type=\u00bbrow\u00bb use_row_as_full_screen_section=\u00bbno\u00bb type=\u00bbfull_width\u00bb angled_section=\u00bbno\u00bb text_align=\u00bbleft\u00bb background_image_as_pattern=\u00bbwithout_pattern\u00bb][vc_column][vc_empty_space][\/vc_column][\/vc_row][vc_row css_animation=\u00bb\u00bb row_type=\u00bbrow\u00bb use_row_as_full_screen_section=\u00bbno\u00bb type=\u00bbfull_width\u00bb angled_section=\u00bbno\u00bb text_align=\u00bbleft\u00bb background_image_as_pattern=\u00bbwithout_pattern\u00bb][vc_column width=\u00bb1\/2&#8243;][vc_column_text]Desde Estoa acompa\u00f1amos de forma profesional e integral a j\u00f3venes y adolescentes con Autismo y\/o Discapacidad intelectual. Escuchamos sus necesidades y preparamos un...","og_url":"https:\/\/cfpmaresme.org\/es\/estoa\/","og_site_name":"CFP Maresme","article_modified_time":"2025-12-02T12:13:51+00:00","twitter_card":"summary_large_image","twitter_site":"@cfpmaresme","twitter_misc":{"Tiempo de lectura":"3 minutos"},"schema":{"@context":"https:\/\/schema.org","@graph":[{"@type":"WebPage","@id":"https:\/\/cfpmaresme.org\/es\/estoa\/","url":"https:\/\/cfpmaresme.org\/es\/estoa\/","name":"Estoa: soporte a la autonom\u00eda de j\u00f3venes con autismo y\/o discapacidad intelectual | CFP Maresme","isPartOf":{"@id":"https:\/\/cfpmaresme.org\/#website"},"datePublished":"2024-06-12T07:55:44+00:00","dateModified":"2025-12-02T12:13:51+00:00","breadcrumb":{"@id":"https:\/\/cfpmaresme.org\/es\/estoa\/#breadcrumb"},"inLanguage":"es","potentialAction":[{"@type":"ReadAction","target":["https:\/\/cfpmaresme.org\/es\/estoa\/"]}]},{"@type":"BreadcrumbList","@id":"https:\/\/cfpmaresme.org\/es\/estoa\/#breadcrumb","itemListElement":[{"@type":"ListItem","position":1,"name":"Home","item":"https:\/\/cfpmaresme.org\/es\/"},{"@type":"ListItem","position":2,"name":"Estoa: soporte a la autonom\u00eda de j\u00f3venes con autismo y\/o discapacidad intelectual"}]},{"@type":"WebSite","@id":"https:\/\/cfpmaresme.org\/#website","url":"https:\/\/cfpmaresme.org\/","name":"CFP Maresme","description":"Centre Formaci\u00f3 Prevenci\u00f3","potentialAction":[{"@type":"SearchAction","target":{"@type":"EntryPoint","urlTemplate":"https:\/\/cfpmaresme.org\/?s={search_term_string}"},"query-input":{"@type":"PropertyValueSpecification","valueRequired":true,"valueName":"search_term_string"}}],"inLanguage":"es"}]}},"_links":{"self":[{"href":"https:\/\/cfpmaresme.org\/es\/wp-json\/wp\/v2\/pages\/94673","targetHints":{"allow":["GET"]}}],"collection":[{"href":"https:\/\/cfpmaresme.org\/es\/wp-json\/wp\/v2\/pages"}],"about":[{"href":"https:\/\/cfpmaresme.org\/es\/wp-json\/wp\/v2\/types\/page"}],"author":[{"embeddable":true,"href":"https:\/\/cfpmaresme.org\/es\/wp-json\/wp\/v2\/users\/2"}],"replies":[{"embeddable":true,"href":"https:\/\/cfpmaresme.org\/es\/wp-json\/wp\/v2\/comments?post=94673"}],"version-history":[{"count":6,"href":"https:\/\/cfpmaresme.org\/es\/wp-json\/wp\/v2\/pages\/94673\/revisions"}],"predecessor-version":[{"id":111934,"href":"https:\/\/cfpmaresme.org\/es\/wp-json\/wp\/v2\/pages\/94673\/revisions\/111934"}],"wp:attachment":[{"href":"https:\/\/cfpmaresme.org\/es\/wp-json\/wp\/v2\/media?parent=94673"}],"curies":[{"name":"wp","href":"https:\/\/api.w.org\/{rel}","templated":true}]}}