{"id":94683,"date":"2024-06-04T12:23:34","date_gmt":"2024-06-04T10:23:34","guid":{"rendered":"https:\/\/cfpmaresme.org\/servei-datencio-a-families-per-la-inclusio-i-la-rehabilitacio-safir\/"},"modified":"2025-12-17T13:38:55","modified_gmt":"2025-12-17T11:38:55","slug":"servei-datencio-a-families","status":"publish","type":"page","link":"https:\/\/cfpmaresme.org\/es\/servei-datencio-a-families\/","title":{"rendered":"Servicio de Atenci\u00f3n a Fam\u00edlias (SAFIR)"},"content":{"rendered":"<div class=\"wpb-content-wrapper\"><p>[vc_row css_animation=\u00bb\u00bb row_type=\u00bbrow\u00bb use_row_as_full_screen_section=\u00bbno\u00bb type=\u00bbfull_width\u00bb angled_section=\u00bbno\u00bb text_align=\u00bbleft\u00bb background_image_as_pattern=\u00bbwithout_pattern\u00bb][vc_column]<blockquote class=' with_quote_icon' style=''><i class='fa fa-quote-right' style=''><\/i><h5 class='blockquote-text' style=''>Mejorar la calidad de vida de las personas que conviven con una problem\u00e1tica de salud mental y sus fam\u00edlias a trav\u00e9s de un enfoque hol\u00edstico.<\/h5><\/blockquote>[\/vc_column][\/vc_row][vc_row css_animation=\u00bb\u00bb row_type=\u00bbrow\u00bb use_row_as_full_screen_section=\u00bbno\u00bb type=\u00bbfull_width\u00bb angled_section=\u00bbno\u00bb text_align=\u00bbleft\u00bb background_image_as_pattern=\u00bbwithout_pattern\u00bb][vc_column][vc_empty_space][\/vc_column][\/vc_row][vc_row css_animation=\u00bb\u00bb row_type=\u00bbrow\u00bb use_row_as_full_screen_section=\u00bbno\u00bb type=\u00bbfull_width\u00bb angled_section=\u00bbno\u00bb text_align=\u00bbleft\u00bb background_image_as_pattern=\u00bbwithout_pattern\u00bb][vc_column width=\u00bb1\/2&#8243;][vc_column_text css=\u00bb\u00bb]El <strong>Servicio de Atenci\u00f3n a Fam\u00edlias (SAFIR)<\/strong> es un recurso de informaci\u00f3n, atenci\u00f3n y apoyo a las fam\u00edlias y\/o referentes de personas con diagn\u00f3stico de la Salud Mental de la comarca del Maresme.<\/p>\n<p>&nbsp;<\/p>\n<p>El objetivo es ofrecer <strong>soporte a las fam\u00edlias<\/strong> &#8211; facilitando las herramientas necesarias para mejorar la calidad de vida de las personas que conviven con una problem\u00e1tica de salud mental &#8211; a partir de<strong> implicarlas<\/strong> en el proceso de <strong>recuperaci\u00f3n<\/strong> e <strong>inclusi\u00f3n<\/strong> a la <strong>comunidad<\/strong>. La fam\u00edlia contin\u00faa siendo un elemento b\u00e1sico en el proceso de recuperaci\u00f3n de las personas que tienen un transtorno mental, siendo la principal fuente de soporte y atenci\u00f3n continuada.[\/vc_column_text][\/vc_column][vc_column width=\u00bb1\/2&#8243;][vc_single_image image=\u00bb112051&#8243; img_size=\u00bb420&#215;240&#8243; css=\u00bb\u00bb qode_css_animation=\u00bb\u00bb][vc_empty_space height=\u00bb20px\u00bb][vc_empty_space height=\u00bb20px\u00bb][\/vc_column][\/vc_row][vc_row css_animation=\u00bb\u00bb row_type=\u00bbrow\u00bb use_row_as_full_screen_section=\u00bbno\u00bb type=\u00bbfull_width\u00bb angled_section=\u00bbno\u00bb text_align=\u00bbleft\u00bb background_image_as_pattern=\u00bbwithout_pattern\u00bb][vc_column][vc_column_text]<\/p>\n<h2>Metodolog\u00eda<\/h2>\n<p>Se trabajar\u00e1 a partir de un <strong>Plan de trabajo espec\u00edfico <\/strong>y de sesiones individuales y grupales para dar respuesta a las necesidades y dotar a la familia de las herramientas para afrontar las distintas situaciones.[\/vc_column_text][\/vc_column][\/vc_row][vc_row css_animation=\u00bb\u00bb row_type=\u00bbrow\u00bb use_row_as_full_screen_section=\u00bbno\u00bb type=\u00bbfull_width\u00bb angled_section=\u00bbno\u00bb text_align=\u00bbleft\u00bb background_image_as_pattern=\u00bbwithout_pattern\u00bb][vc_column][vc_empty_space][\/vc_column][\/vc_row][vc_row css_animation=\u00bb\u00bb row_type=\u00bbrow\u00bb use_row_as_full_screen_section=\u00bbno\u00bb type=\u00bbfull_width\u00bb angled_section=\u00bbno\u00bb text_align=\u00bbleft\u00bb background_image_as_pattern=\u00bbwithout_pattern\u00bb][vc_column][vc_separator type=\u00bbnormal\u00bb][\/vc_column][\/vc_row][vc_row css_animation=\u00bb\u00bb row_type=\u00bbrow\u00bb use_row_as_full_screen_section=\u00bbno\u00bb type=\u00bbfull_width\u00bb angled_section=\u00bbno\u00bb text_align=\u00bbleft\u00bb background_image_as_pattern=\u00bbwithout_pattern\u00bb][vc_column][vc_column_text]<\/p>\n<h2>Contacto<\/h2>\n<p>[\/vc_column_text][\/vc_column][\/vc_row][vc_row css_animation=\u00bb\u00bb row_type=\u00bbrow\u00bb use_row_as_full_screen_section=\u00bbno\u00bb type=\u00bbfull_width\u00bb angled_section=\u00bbno\u00bb text_align=\u00bbleft\u00bb background_image_as_pattern=\u00bbwithout_pattern\u00bb][vc_column width=\u00bb1\/2&#8243;][vc_empty_space height=\u00bb20px\u00bb][vc_column_text]<\/p>\n<h5><i class=\"fa fa-clock-o\" style=\"padding-right: 10px;\" aria-hidden=\"true\"><\/i><span style=\"font-weight: 400;\">Horario de atenci\u00f3n: de lunes a viernes de 9 a 15 horas<\/span><\/h5>\n<p>&nbsp;<\/p>\n<h5><i class=\"fa fa-map-marker\" style=\"padding-right: 10px;\" aria-hidden=\"true\"><\/i><span style=\"font-weight: 400;\">C\/ Sant Antoni 86, 1a planta, puerta 7. 08301 Matar\u00f3. <\/span><\/h5>\n<p>&nbsp;<\/p>\n<h5><i class=\"fa fa-phone\" style=\"padding-right: 10px;\" aria-hidden=\"true\"><\/i><span style=\"font-weight: 400;\">Tel. 93.755.36.04<\/span><\/h5>\n<p>&nbsp;<\/p>\n<h5><i class=\"fa fa-user\" style=\"padding-right: 10px;\" aria-hidden=\"true\"><\/i><span style=\"font-weight: 400;\"> Responsable: Miriam P\u00e9rez\u00a0<\/span><\/h5>\n<p>[\/vc_column_text][\/vc_column][vc_column width=\u00bb1\/2&#8243;][vc_column_text]\u00bfNo encuentras lo que buscas o necesitas m\u00e1s informaci\u00f3n?[\/vc_column_text][vc_empty_space height=\u00bb20px\u00bb]\n\n\t<a href=\"#\" target=\"_self\" style=\"color: #ffffff;background-color: #114c86;font-size: 16px;text-transform: uppercase\" class=\"qode-btn qode-btn-medium qode-btn-solid qode-btn-custom-hover-bg qode-btn-custom-hover-color qode-btn-custom-icon-bg-hover-color qode-btn-icon modal-perez qode-btn-with-shadow qode-btn-icon-rotate qode-type1-gradient-left-to-right\" data-hover-bg-color=\"#1175a0\" data-hover-color=\"#fffff\" >\n\t    <span class=\"qode-btn-text\">Contacta con nosotros<\/span><span class=\"qode-button-v2-icon-holder\" style=\"border-color: #0070a0;background-color: #064b6d\" data-hover-icon-border-color=\"#008cb7\" data-hover-icon-bg-color=\"#008cb7\"><i class=\"qode_icon_font_awesome fa fa-envelope qode-button-v2-icon-holder-inner\" ><\/i><\/span>\t<\/a>\n\n[\/vc_column][\/vc_row][vc_row css_animation=\u00bb\u00bb row_type=\u00bbrow\u00bb use_row_as_full_screen_section=\u00bbno\u00bb type=\u00bbfull_width\u00bb angled_section=\u00bbno\u00bb text_align=\u00bbleft\u00bb background_image_as_pattern=\u00bbwithout_pattern\u00bb][vc_column][vc_empty_space height=\u00bb64px\u00bb][\/vc_column][\/vc_row][vc_row css_animation=\u00bb\u00bb row_type=\u00bbrow\u00bb use_row_as_full_screen_section=\u00bbno\u00bb type=\u00bbfull_width\u00bb angled_section=\u00bbno\u00bb text_align=\u00bbleft\u00bb background_image_as_pattern=\u00bbwithout_pattern\u00bb][vc_column][vc_column_text css=\u00bb\u00bb]<strong>Con el soporte del Departament de Drets Socials.\u00a0<\/strong>[\/vc_column_text][\/vc_column][\/vc_row][vc_row css_animation=\u00bb\u00bb row_type=\u00bbrow\u00bb use_row_as_full_screen_section=\u00bbno\u00bb type=\u00bbfull_width\u00bb angled_section=\u00bbno\u00bb text_align=\u00bbleft\u00bb background_image_as_pattern=\u00bbwithout_pattern\u00bb][vc_column][vc_single_image image=\u00bb94664&#8243; img_size=\u00bbmedium\u00bb qode_css_animation=\u00bb\u00bb][\/vc_column][\/vc_row][vc_row css_animation=\u00bb\u00bb row_type=\u00bbrow\u00bb use_row_as_full_screen_section=\u00bbno\u00bb type=\u00bbfull_width\u00bb angled_section=\u00bbno\u00bb text_align=\u00bbleft\u00bb background_image_as_pattern=\u00bbwithout_pattern\u00bb][vc_column][vc_empty_space][\/vc_column][\/vc_row]<\/p>\n<\/div>","protected":false},"excerpt":{"rendered":"<p>[vc_row css_animation=\u00bb\u00bb row_type=\u00bbrow\u00bb use_row_as_full_screen_section=\u00bbno\u00bb type=\u00bbfull_width\u00bb angled_section=\u00bbno\u00bb text_align=\u00bbleft\u00bb background_image_as_pattern=\u00bbwithout_pattern\u00bb][vc_column][\/vc_column][\/vc_row][vc_row css_animation=\u00bb\u00bb row_type=\u00bbrow\u00bb use_row_as_full_screen_section=\u00bbno\u00bb type=\u00bbfull_width\u00bb angled_section=\u00bbno\u00bb text_align=\u00bbleft\u00bb background_image_as_pattern=\u00bbwithout_pattern\u00bb][vc_column][vc_empty_space][\/vc_column][\/vc_row][vc_row css_animation=\u00bb\u00bb row_type=\u00bbrow\u00bb use_row_as_full_screen_section=\u00bbno\u00bb type=\u00bbfull_width\u00bb angled_section=\u00bbno\u00bb text_align=\u00bbleft\u00bb background_image_as_pattern=\u00bbwithout_pattern\u00bb][vc_column width=\u00bb1\/2&#8243;][vc_column_text css=\u00bb\u00bb]El Servicio de Atenci\u00f3n a Fam\u00edlias (SAFIR) es un recurso de informaci\u00f3n, atenci\u00f3n y apoyo a las fam\u00edlias y\/o referentes de personas&#8230;<\/p>\n","protected":false},"author":2,"featured_media":0,"parent":0,"menu_order":0,"comment_status":"closed","ping_status":"closed","template":"","meta":{"footnotes":""},"class_list":["post-94683","page","type-page","status-publish","hentry"],"yoast_head":"<!-- This site is optimized with the Yoast SEO plugin v25.2 - https:\/\/yoast.com\/wordpress\/plugins\/seo\/ -->\n<title>Servicio de Atenci\u00f3n a Fam\u00edlias (SAFIR) | CFP Maresme<\/title>\n<meta name=\"robots\" content=\"index, follow, max-snippet:-1, max-image-preview:large, max-video-preview:-1\" \/>\n<link rel=\"canonical\" href=\"https:\/\/cfpmaresme.org\/es\/servei-datencio-a-families\/\" \/>\n<meta property=\"og:locale\" content=\"es_ES\" \/>\n<meta property=\"og:type\" content=\"article\" \/>\n<meta property=\"og:title\" content=\"Servicio de Atenci\u00f3n a Fam\u00edlias (SAFIR) | CFP Maresme\" \/>\n<meta property=\"og:description\" content=\"[vc_row css_animation=\u00bb\u00bb row_type=\u00bbrow\u00bb use_row_as_full_screen_section=\u00bbno\u00bb type=\u00bbfull_width\u00bb angled_section=\u00bbno\u00bb text_align=\u00bbleft\u00bb background_image_as_pattern=\u00bbwithout_pattern\u00bb][vc_column][\/vc_column][\/vc_row][vc_row css_animation=\u00bb\u00bb row_type=\u00bbrow\u00bb use_row_as_full_screen_section=\u00bbno\u00bb type=\u00bbfull_width\u00bb angled_section=\u00bbno\u00bb text_align=\u00bbleft\u00bb background_image_as_pattern=\u00bbwithout_pattern\u00bb][vc_column][vc_empty_space][\/vc_column][\/vc_row][vc_row css_animation=\u00bb\u00bb row_type=\u00bbrow\u00bb use_row_as_full_screen_section=\u00bbno\u00bb type=\u00bbfull_width\u00bb angled_section=\u00bbno\u00bb text_align=\u00bbleft\u00bb background_image_as_pattern=\u00bbwithout_pattern\u00bb][vc_column width=\u00bb1\/2&#8243;][vc_column_text css=\u00bb\u00bb]El Servicio de Atenci\u00f3n a Fam\u00edlias (SAFIR) es un recurso de informaci\u00f3n, atenci\u00f3n y apoyo a las fam\u00edlias y\/o referentes de personas...\" \/>\n<meta property=\"og:url\" content=\"https:\/\/cfpmaresme.org\/es\/servei-datencio-a-families\/\" \/>\n<meta property=\"og:site_name\" content=\"CFP Maresme\" \/>\n<meta property=\"article:modified_time\" content=\"2025-12-17T11:38:55+00:00\" \/>\n<meta name=\"twitter:card\" content=\"summary_large_image\" \/>\n<meta name=\"twitter:site\" content=\"@cfpmaresme\" \/>\n<meta name=\"twitter:label1\" content=\"Tiempo de lectura\" \/>\n\t<meta name=\"twitter:data1\" content=\"2 minutos\" \/>\n<script type=\"application\/ld+json\" class=\"yoast-schema-graph\">{\"@context\":\"https:\/\/schema.org\",\"@graph\":[{\"@type\":\"WebPage\",\"@id\":\"https:\/\/cfpmaresme.org\/es\/servei-datencio-a-families\/\",\"url\":\"https:\/\/cfpmaresme.org\/es\/servei-datencio-a-families\/\",\"name\":\"Servicio de Atenci\u00f3n a Fam\u00edlias (SAFIR) | CFP Maresme\",\"isPartOf\":{\"@id\":\"https:\/\/cfpmaresme.org\/#website\"},\"datePublished\":\"2024-06-04T10:23:34+00:00\",\"dateModified\":\"2025-12-17T11:38:55+00:00\",\"breadcrumb\":{\"@id\":\"https:\/\/cfpmaresme.org\/es\/servei-datencio-a-families\/#breadcrumb\"},\"inLanguage\":\"es\",\"potentialAction\":[{\"@type\":\"ReadAction\",\"target\":[\"https:\/\/cfpmaresme.org\/es\/servei-datencio-a-families\/\"]}]},{\"@type\":\"BreadcrumbList\",\"@id\":\"https:\/\/cfpmaresme.org\/es\/servei-datencio-a-families\/#breadcrumb\",\"itemListElement\":[{\"@type\":\"ListItem\",\"position\":1,\"name\":\"Home\",\"item\":\"https:\/\/cfpmaresme.org\/es\/\"},{\"@type\":\"ListItem\",\"position\":2,\"name\":\"Servicio de Atenci\u00f3n a Fam\u00edlias (SAFIR)\"}]},{\"@type\":\"WebSite\",\"@id\":\"https:\/\/cfpmaresme.org\/#website\",\"url\":\"https:\/\/cfpmaresme.org\/\",\"name\":\"CFP Maresme\",\"description\":\"Centre Formaci\u00f3 Prevenci\u00f3\",\"potentialAction\":[{\"@type\":\"SearchAction\",\"target\":{\"@type\":\"EntryPoint\",\"urlTemplate\":\"https:\/\/cfpmaresme.org\/?s={search_term_string}\"},\"query-input\":{\"@type\":\"PropertyValueSpecification\",\"valueRequired\":true,\"valueName\":\"search_term_string\"}}],\"inLanguage\":\"es\"}]}<\/script>\n<!-- \/ Yoast SEO plugin. -->","yoast_head_json":{"title":"Servicio de Atenci\u00f3n a Fam\u00edlias (SAFIR) | CFP Maresme","robots":{"index":"index","follow":"follow","max-snippet":"max-snippet:-1","max-image-preview":"max-image-preview:large","max-video-preview":"max-video-preview:-1"},"canonical":"https:\/\/cfpmaresme.org\/es\/servei-datencio-a-families\/","og_locale":"es_ES","og_type":"article","og_title":"Servicio de Atenci\u00f3n a Fam\u00edlias (SAFIR) | CFP Maresme","og_description":"[vc_row css_animation=\u00bb\u00bb row_type=\u00bbrow\u00bb use_row_as_full_screen_section=\u00bbno\u00bb type=\u00bbfull_width\u00bb angled_section=\u00bbno\u00bb text_align=\u00bbleft\u00bb background_image_as_pattern=\u00bbwithout_pattern\u00bb][vc_column][\/vc_column][\/vc_row][vc_row css_animation=\u00bb\u00bb row_type=\u00bbrow\u00bb use_row_as_full_screen_section=\u00bbno\u00bb type=\u00bbfull_width\u00bb angled_section=\u00bbno\u00bb text_align=\u00bbleft\u00bb background_image_as_pattern=\u00bbwithout_pattern\u00bb][vc_column][vc_empty_space][\/vc_column][\/vc_row][vc_row css_animation=\u00bb\u00bb row_type=\u00bbrow\u00bb use_row_as_full_screen_section=\u00bbno\u00bb type=\u00bbfull_width\u00bb angled_section=\u00bbno\u00bb text_align=\u00bbleft\u00bb background_image_as_pattern=\u00bbwithout_pattern\u00bb][vc_column width=\u00bb1\/2&#8243;][vc_column_text css=\u00bb\u00bb]El Servicio de Atenci\u00f3n a Fam\u00edlias (SAFIR) es un recurso de informaci\u00f3n, atenci\u00f3n y apoyo a las fam\u00edlias y\/o referentes de personas...","og_url":"https:\/\/cfpmaresme.org\/es\/servei-datencio-a-families\/","og_site_name":"CFP Maresme","article_modified_time":"2025-12-17T11:38:55+00:00","twitter_card":"summary_large_image","twitter_site":"@cfpmaresme","twitter_misc":{"Tiempo de lectura":"2 minutos"},"schema":{"@context":"https:\/\/schema.org","@graph":[{"@type":"WebPage","@id":"https:\/\/cfpmaresme.org\/es\/servei-datencio-a-families\/","url":"https:\/\/cfpmaresme.org\/es\/servei-datencio-a-families\/","name":"Servicio de Atenci\u00f3n a Fam\u00edlias (SAFIR) | CFP Maresme","isPartOf":{"@id":"https:\/\/cfpmaresme.org\/#website"},"datePublished":"2024-06-04T10:23:34+00:00","dateModified":"2025-12-17T11:38:55+00:00","breadcrumb":{"@id":"https:\/\/cfpmaresme.org\/es\/servei-datencio-a-families\/#breadcrumb"},"inLanguage":"es","potentialAction":[{"@type":"ReadAction","target":["https:\/\/cfpmaresme.org\/es\/servei-datencio-a-families\/"]}]},{"@type":"BreadcrumbList","@id":"https:\/\/cfpmaresme.org\/es\/servei-datencio-a-families\/#breadcrumb","itemListElement":[{"@type":"ListItem","position":1,"name":"Home","item":"https:\/\/cfpmaresme.org\/es\/"},{"@type":"ListItem","position":2,"name":"Servicio de Atenci\u00f3n a Fam\u00edlias (SAFIR)"}]},{"@type":"WebSite","@id":"https:\/\/cfpmaresme.org\/#website","url":"https:\/\/cfpmaresme.org\/","name":"CFP Maresme","description":"Centre Formaci\u00f3 Prevenci\u00f3","potentialAction":[{"@type":"SearchAction","target":{"@type":"EntryPoint","urlTemplate":"https:\/\/cfpmaresme.org\/?s={search_term_string}"},"query-input":{"@type":"PropertyValueSpecification","valueRequired":true,"valueName":"search_term_string"}}],"inLanguage":"es"}]}},"_links":{"self":[{"href":"https:\/\/cfpmaresme.org\/es\/wp-json\/wp\/v2\/pages\/94683","targetHints":{"allow":["GET"]}}],"collection":[{"href":"https:\/\/cfpmaresme.org\/es\/wp-json\/wp\/v2\/pages"}],"about":[{"href":"https:\/\/cfpmaresme.org\/es\/wp-json\/wp\/v2\/types\/page"}],"author":[{"embeddable":true,"href":"https:\/\/cfpmaresme.org\/es\/wp-json\/wp\/v2\/users\/2"}],"replies":[{"embeddable":true,"href":"https:\/\/cfpmaresme.org\/es\/wp-json\/wp\/v2\/comments?post=94683"}],"version-history":[{"count":8,"href":"https:\/\/cfpmaresme.org\/es\/wp-json\/wp\/v2\/pages\/94683\/revisions"}],"predecessor-version":[{"id":112054,"href":"https:\/\/cfpmaresme.org\/es\/wp-json\/wp\/v2\/pages\/94683\/revisions\/112054"}],"wp:attachment":[{"href":"https:\/\/cfpmaresme.org\/es\/wp-json\/wp\/v2\/media?parent=94683"}],"curies":[{"name":"wp","href":"https:\/\/api.w.org\/{rel}","templated":true}]}}