{"id":94698,"date":"2019-04-01T09:09:23","date_gmt":"2019-04-01T07:09:23","guid":{"rendered":"https:\/\/cfpmaresme.org\/infancia-adolescencia-i-familia\/"},"modified":"2024-10-24T11:48:14","modified_gmt":"2024-10-24T09:48:14","slug":"infancia-adolescencia-i-familia","status":"publish","type":"page","link":"https:\/\/cfpmaresme.org\/es\/infancia-adolescencia-i-familia\/","title":{"rendered":"Infancia, Adolescencia y Familia"},"content":{"rendered":"<div class=\"wpb-content-wrapper\"><p>[vc_row css_animation=\u00bb\u00bb row_type=\u00bbrow\u00bb use_row_as_full_screen_section=\u00bbno\u00bb type=\u00bbfull_width\u00bb angled_section=\u00bbno\u00bb text_align=\u00bbleft\u00bb background_image_as_pattern=\u00bbwithout_pattern\u00bb][vc_column]<blockquote class=' with_quote_icon' style=''><i class='fa fa-quote-right' style=''><\/i><h5 class='blockquote-text' style=''>L'\u00e0rea d'Inf\u00e0ncia, Adolesc\u00e8ncia i Fam\u00edlia ofereix atenci\u00f3 als menors en situaci\u00f3 de desemparament i als infants i adolescents en risc psicosocial mitjan\u00e7ant programes de prevenci\u00f3<\/h5><\/blockquote>[vc_empty_space height=\u00bb30px\u00bb][vc_column_text]<strong>L&#8217;objectiu de l&#8217;\u00e0rea d&#8217;inf\u00e0ncia, adolesc\u00e8ncia i fam\u00edlia<\/strong> \u00e9s vetllar pel compliment de les lleis d\u2019atenci\u00f3 a la inf\u00e0ncia i els acords de la convenci\u00f3 sobre els drets de l\u2019infant.[\/vc_column_text][vc_empty_space height=\u00bb30px\u00bb][vc_separator type=\u00bbnormal\u00bb][vc_empty_space height=\u00bb20px\u00bb][vc_column_text]<\/p>\n<h2>SERVEIS I PROGRAMES DE L&#8217;\u00c0REA D&#8217;INF\u00c0NCIA, ADOLESC\u00c8NCIA I FAM\u00cdLIA<\/h2>\n<p>[\/vc_column_text][vc_empty_space][\/vc_column][\/vc_row][vc_row css_animation=\u00bb\u00bb row_type=\u00bbrow\u00bb use_row_as_full_screen_section=\u00bbno\u00bb type=\u00bbfull_width\u00bb angled_section=\u00bbno\u00bb text_align=\u00bbleft\u00bb background_image_as_pattern=\u00bbwithout_pattern\u00bb][vc_column width=\u00bb1\/2&#8243;][vc_column_text]<\/p>\n<h3><a href=\"https:\/\/cfpmaresme.org\/es\/centro-residencial-accion-educativa\/\">Centre Residencial d&#8217;Acci\u00f3 Educativa<\/a><\/h3>\n<p>[\/vc_column_text][vc_empty_space height=\u00bb10px\u00bb][vc_column_text]El Centre de Formaci\u00f3 i Prevenci\u00f3 t\u00e9 com a recurs el <strong>CRAE Mas Sant Jordi<\/strong>. Ofereix al menor un <strong>recurs alternatiu al medi familiar inexistent, deteriorat o amb greus dificultats<\/strong> per cobrir les seves necessitats b\u00e0siques.[\/vc_column_text][vc_empty_space height=\u00bb20px\u00bb][\/vc_column][vc_column width=\u00bb1\/2&#8243;][vc_single_image image=\u00bb15429&#8243; img_size=\u00bb250&#215;140&#8243; alignment=\u00bbcenter\u00bb onclick=\u00bbcustom_link\u00bb qode_css_animation=\u00bb\u00bb link=\u00bbhttps:\/\/cfpmaresme.org\/centre-residencial-daccio-educativa\/\u00bb][vc_empty_space height=\u00bb20px\u00bb][\/vc_column][\/vc_row][vc_row css_animation=\u00bb\u00bb row_type=\u00bbrow\u00bb use_row_as_full_screen_section=\u00bbno\u00bb type=\u00bbfull_width\u00bb angled_section=\u00bbno\u00bb text_align=\u00bbleft\u00bb background_image_as_pattern=\u00bbwithout_pattern\u00bb][vc_column][vc_separator type=\u00bbnormal\u00bb][\/vc_column][\/vc_row][vc_row css_animation=\u00bb\u00bb row_type=\u00bbrow\u00bb use_row_as_full_screen_section=\u00bbno\u00bb type=\u00bbfull_width\u00bb angled_section=\u00bbno\u00bb text_align=\u00bbleft\u00bb background_image_as_pattern=\u00bbwithout_pattern\u00bb][vc_column width=\u00bb1\/2&#8243;][vc_empty_space height=\u00bb20px\u00bb][vc_column_text]<\/p>\n<h3><a href=\"https:\/\/cfpmaresme.org\/es\/pisos-asistidos-jovenes-16-18\/\">Pisos assistits per a joves tutelats i extutelats<\/a><\/h3>\n<p>[\/vc_column_text][vc_empty_space height=\u00bb10px\u00bb][vc_column_text]Els\u00a0<strong>pisos assistits per a joves tutelats i extutelats<\/strong> acullen nois\/es m\u00e9s grans de 16 anys que no tenen els recursos propis per assolir l\u2019autonomia personal.[\/vc_column_text][vc_empty_space height=\u00bb20px\u00bb][\/vc_column][vc_column width=\u00bb1\/2&#8243;][vc_empty_space height=\u00bb20px\u00bb][vc_single_image image=\u00bb24921&#8243; img_size=\u00bb250&#215;140&#8243; alignment=\u00bbcenter\u00bb onclick=\u00bbcustom_link\u00bb qode_css_animation=\u00bb\u00bb link=\u00bbhttps:\/\/cfpmaresme.org\/pisos-assistits-joves\/\u00bb][vc_empty_space height=\u00bb20px\u00bb][\/vc_column][\/vc_row][vc_row css_animation=\u00bb\u00bb row_type=\u00bbrow\u00bb use_row_as_full_screen_section=\u00bbno\u00bb type=\u00bbfull_width\u00bb angled_section=\u00bbno\u00bb text_align=\u00bbleft\u00bb background_image_as_pattern=\u00bbwithout_pattern\u00bb][vc_column][vc_separator type=\u00bbnormal\u00bb][\/vc_column][\/vc_row][vc_row css_animation=\u00bb\u00bb row_type=\u00bbrow\u00bb use_row_as_full_screen_section=\u00bbno\u00bb type=\u00bbfull_width\u00bb angled_section=\u00bbno\u00bb text_align=\u00bbleft\u00bb background_image_as_pattern=\u00bbwithout_pattern\u00bb][vc_column width=\u00bb1\/2&#8243;][vc_empty_space height=\u00bb20px\u00bb][vc_column_text]<\/p>\n<h3><a href=\"https:\/\/cfpmaresme.org\/es\/programa-parentalidad-positiva\/\">Programa de Parentalitat Positiva<\/a><\/h3>\n<p>[\/vc_column_text][vc_empty_space height=\u00bb10px\u00bb][vc_column_text]El\u00a0<strong>programa de parentalitat positiva<\/strong>\u00a0\u00e9s un servei psicoterap\u00e8utic\u00a0per afavorir la reunificaci\u00f3 familiar o acoblament en fam\u00edlia aliena garantint la correcta protecci\u00f3 i salut de l\u2019infant i la recuperaci\u00f3 de la fam\u00edlia.[\/vc_column_text][vc_empty_space height=\u00bb20px\u00bb][\/vc_column][vc_column width=\u00bb1\/2&#8243;][vc_empty_space height=\u00bb20px\u00bb][vc_single_image image=\u00bb94685&#8243; img_size=\u00bb250&#215;140&#8243; alignment=\u00bbcenter\u00bb onclick=\u00bbcustom_link\u00bb qode_css_animation=\u00bb\u00bb link=\u00bbhttps:\/\/cfpmaresme.org\/programa-parentalitat-positiva\/\u00bb][vc_empty_space height=\u00bb20px\u00bb][\/vc_column][\/vc_row][vc_row css_animation=\u00bb\u00bb row_type=\u00bbrow\u00bb use_row_as_full_screen_section=\u00bbno\u00bb type=\u00bbfull_width\u00bb angled_section=\u00bbno\u00bb text_align=\u00bbleft\u00bb background_image_as_pattern=\u00bbwithout_pattern\u00bb][vc_column][vc_separator type=\u00bbnormal\u00bb][\/vc_column][\/vc_row][vc_row css_animation=\u00bb\u00bb row_type=\u00bbrow\u00bb use_row_as_full_screen_section=\u00bbno\u00bb type=\u00bbfull_width\u00bb angled_section=\u00bbno\u00bb text_align=\u00bbleft\u00bb background_image_as_pattern=\u00bbwithout_pattern\u00bb][vc_column width=\u00bb1\/2&#8243;][vc_empty_space height=\u00bb20px\u00bb][vc_column_text]<\/p>\n<h3><a href=\"https:\/\/cfpmaresme.org\/es\/programa-caixa-proinfancia\/\">Programa Caixa Proinf\u00e0ncia<\/a><\/h3>\n<p>[\/vc_column_text][vc_empty_space height=\u00bb10px\u00bb][vc_column_text]El Centre de Formaci\u00f3 i Prevenci\u00f3 col\u00b7labora amb el Projecte de l\u2019Obra Social de \u201cLa Caixa\u201d mitjan\u00e7ant el\u00a0<strong>Programa Caixa Proinf\u00e0ncia<\/strong>.\u00a0Les actuacions s\u00f3n gestionades per l\u2019equip de professionals de l\u2019Equip A\u00efna.[\/vc_column_text][\/vc_column][vc_column width=\u00bb1\/2&#8243;][vc_empty_space height=\u00bb20px\u00bb][vc_single_image image=\u00bb72209&#8243; img_size=\u00bb250&#215;110&#8243; alignment=\u00bbcenter\u00bb onclick=\u00bbcustom_link\u00bb qode_css_animation=\u00bb\u00bb link=\u00bbhttps:\/\/cfpmaresme.org\/programa-caixa-proinfancia\/\u00bb][\/vc_column][\/vc_row][vc_row css_animation=\u00bb\u00bb row_type=\u00bbrow\u00bb use_row_as_full_screen_section=\u00bbno\u00bb type=\u00bbfull_width\u00bb angled_section=\u00bbno\u00bb text_align=\u00bbleft\u00bb background_image_as_pattern=\u00bbwithout_pattern\u00bb][vc_column][vc_separator type=\u00bbnormal\u00bb][\/vc_column][\/vc_row][vc_row css_animation=\u00bb\u00bb row_type=\u00bbrow\u00bb use_row_as_full_screen_section=\u00bbno\u00bb type=\u00bbfull_width\u00bb angled_section=\u00bbno\u00bb text_align=\u00bbleft\u00bb background_image_as_pattern=\u00bbwithout_pattern\u00bb][vc_column width=\u00bb1\/2&#8243;][vc_empty_space height=\u00bb20px\u00bb][vc_column_text]<\/p>\n<h3><a href=\"https:\/\/cfpmaresme.org\/estoa\/\" target=\"_blank\" rel=\"noopener\">Estoa: suport a l&#8217;autonomia de joves amb autisme i\/o discapacitat intel\u00b7lectual<\/a><\/h3>\n<p>[\/vc_column_text][vc_empty_space height=\u00bb10px\u00bb][vc_column_text]Acompanyem de forma professional i integral a <strong>joves i adolescents<\/strong>\u00a0amb\u00a0<strong>Autisme<\/strong>\u00a0i\/o\u00a0<strong>Discapacitat intel\u00b7lectual<\/strong>.[\/vc_column_text][vc_empty_space height=\u00bb20px\u00bb][\/vc_column][vc_column width=\u00bb1\/2&#8243;][vc_empty_space height=\u00bb20px\u00bb][vc_single_image image=\u00bb94668&#8243; img_size=\u00bb250&#215;140&#8243; alignment=\u00bbcenter\u00bb onclick=\u00bbcustom_link\u00bb qode_css_animation=\u00bb\u00bb link=\u00bbhttps:\/\/cfpmaresme.org\/programa-parentalitat-positiva\/\u00bb][vc_empty_space height=\u00bb20px\u00bb][\/vc_column][\/vc_row][vc_row css_animation=\u00bb\u00bb row_type=\u00bbrow\u00bb use_row_as_full_screen_section=\u00bbno\u00bb type=\u00bbfull_width\u00bb angled_section=\u00bbno\u00bb text_align=\u00bbleft\u00bb background_image_as_pattern=\u00bbwithout_pattern\u00bb][vc_column][vc_empty_space height=\u00bb100px\u00bb][\/vc_column][\/vc_row]<\/p>\n<\/div>","protected":false},"excerpt":{"rendered":"<p>[vc_row css_animation=\u00bb\u00bb row_type=\u00bbrow\u00bb use_row_as_full_screen_section=\u00bbno\u00bb type=\u00bbfull_width\u00bb angled_section=\u00bbno\u00bb text_align=\u00bbleft\u00bb background_image_as_pattern=\u00bbwithout_pattern\u00bb][vc_column][vc_empty_space height=\u00bb30px\u00bb][vc_column_text]L&#8217;objectiu de l&#8217;\u00e0rea d&#8217;inf\u00e0ncia, adolesc\u00e8ncia i fam\u00edlia \u00e9s vetllar pel compliment de les lleis d\u2019atenci\u00f3 a la inf\u00e0ncia i els acords de la convenci\u00f3 sobre els drets de l\u2019infant.[\/vc_column_text][vc_empty_space height=\u00bb30px\u00bb][vc_separator type=\u00bbnormal\u00bb][vc_empty_space height=\u00bb20px\u00bb][vc_column_text] SERVEIS I PROGRAMES DE L&#8217;\u00c0REA&#8230;<\/p>\n","protected":false},"author":2,"featured_media":0,"parent":0,"menu_order":0,"comment_status":"closed","ping_status":"closed","template":"","meta":{"footnotes":""},"class_list":["post-94698","page","type-page","status-publish","hentry"],"yoast_head":"<!-- This site is optimized with the Yoast SEO plugin v25.2 - https:\/\/yoast.com\/wordpress\/plugins\/seo\/ -->\n<title>Infancia, Adolescencia y Familia | CFP Maresme<\/title>\n<meta name=\"robots\" content=\"index, follow, max-snippet:-1, max-image-preview:large, max-video-preview:-1\" \/>\n<link rel=\"canonical\" href=\"https:\/\/cfpmaresme.org\/es\/infancia-adolescencia-i-familia\/\" \/>\n<meta property=\"og:locale\" content=\"es_ES\" \/>\n<meta property=\"og:type\" content=\"article\" \/>\n<meta property=\"og:title\" content=\"Infancia, Adolescencia y Familia | CFP Maresme\" \/>\n<meta property=\"og:description\" content=\"[vc_row css_animation=\u00bb\u00bb row_type=\u00bbrow\u00bb use_row_as_full_screen_section=\u00bbno\u00bb type=\u00bbfull_width\u00bb angled_section=\u00bbno\u00bb text_align=\u00bbleft\u00bb background_image_as_pattern=\u00bbwithout_pattern\u00bb][vc_column][vc_empty_space height=\u00bb30px\u00bb][vc_column_text]L&#8217;objectiu de l&#8217;\u00e0rea d&#8217;inf\u00e0ncia, adolesc\u00e8ncia i fam\u00edlia \u00e9s vetllar pel compliment de les lleis d\u2019atenci\u00f3 a la inf\u00e0ncia i els acords de la convenci\u00f3 sobre els drets de l\u2019infant.[\/vc_column_text][vc_empty_space height=\u00bb30px\u00bb][vc_separator type=\u00bbnormal\u00bb][vc_empty_space height=\u00bb20px\u00bb][vc_column_text] SERVEIS I PROGRAMES DE L&#8217;\u00c0REA...\" \/>\n<meta property=\"og:url\" content=\"https:\/\/cfpmaresme.org\/es\/infancia-adolescencia-i-familia\/\" \/>\n<meta property=\"og:site_name\" content=\"CFP Maresme\" \/>\n<meta property=\"article:modified_time\" content=\"2024-10-24T09:48:14+00:00\" \/>\n<meta name=\"twitter:card\" content=\"summary_large_image\" \/>\n<meta name=\"twitter:site\" content=\"@cfpmaresme\" \/>\n<meta name=\"twitter:label1\" content=\"Tiempo de lectura\" \/>\n\t<meta name=\"twitter:data1\" content=\"3 minutos\" \/>\n<script type=\"application\/ld+json\" class=\"yoast-schema-graph\">{\"@context\":\"https:\/\/schema.org\",\"@graph\":[{\"@type\":\"WebPage\",\"@id\":\"https:\/\/cfpmaresme.org\/es\/infancia-adolescencia-i-familia\/\",\"url\":\"https:\/\/cfpmaresme.org\/es\/infancia-adolescencia-i-familia\/\",\"name\":\"Infancia, Adolescencia y Familia | CFP Maresme\",\"isPartOf\":{\"@id\":\"https:\/\/cfpmaresme.org\/#website\"},\"datePublished\":\"2019-04-01T07:09:23+00:00\",\"dateModified\":\"2024-10-24T09:48:14+00:00\",\"breadcrumb\":{\"@id\":\"https:\/\/cfpmaresme.org\/es\/infancia-adolescencia-i-familia\/#breadcrumb\"},\"inLanguage\":\"es\",\"potentialAction\":[{\"@type\":\"ReadAction\",\"target\":[\"https:\/\/cfpmaresme.org\/es\/infancia-adolescencia-i-familia\/\"]}]},{\"@type\":\"BreadcrumbList\",\"@id\":\"https:\/\/cfpmaresme.org\/es\/infancia-adolescencia-i-familia\/#breadcrumb\",\"itemListElement\":[{\"@type\":\"ListItem\",\"position\":1,\"name\":\"Home\",\"item\":\"https:\/\/cfpmaresme.org\/es\/\"},{\"@type\":\"ListItem\",\"position\":2,\"name\":\"Infancia, Adolescencia y Familia\"}]},{\"@type\":\"WebSite\",\"@id\":\"https:\/\/cfpmaresme.org\/#website\",\"url\":\"https:\/\/cfpmaresme.org\/\",\"name\":\"CFP Maresme\",\"description\":\"Centre Formaci\u00f3 Prevenci\u00f3\",\"potentialAction\":[{\"@type\":\"SearchAction\",\"target\":{\"@type\":\"EntryPoint\",\"urlTemplate\":\"https:\/\/cfpmaresme.org\/?s={search_term_string}\"},\"query-input\":{\"@type\":\"PropertyValueSpecification\",\"valueRequired\":true,\"valueName\":\"search_term_string\"}}],\"inLanguage\":\"es\"}]}<\/script>\n<!-- \/ Yoast SEO plugin. -->","yoast_head_json":{"title":"Infancia, Adolescencia y Familia | CFP Maresme","robots":{"index":"index","follow":"follow","max-snippet":"max-snippet:-1","max-image-preview":"max-image-preview:large","max-video-preview":"max-video-preview:-1"},"canonical":"https:\/\/cfpmaresme.org\/es\/infancia-adolescencia-i-familia\/","og_locale":"es_ES","og_type":"article","og_title":"Infancia, Adolescencia y Familia | CFP Maresme","og_description":"[vc_row css_animation=\u00bb\u00bb row_type=\u00bbrow\u00bb use_row_as_full_screen_section=\u00bbno\u00bb type=\u00bbfull_width\u00bb angled_section=\u00bbno\u00bb text_align=\u00bbleft\u00bb background_image_as_pattern=\u00bbwithout_pattern\u00bb][vc_column][vc_empty_space height=\u00bb30px\u00bb][vc_column_text]L&#8217;objectiu de l&#8217;\u00e0rea d&#8217;inf\u00e0ncia, adolesc\u00e8ncia i fam\u00edlia \u00e9s vetllar pel compliment de les lleis d\u2019atenci\u00f3 a la inf\u00e0ncia i els acords de la convenci\u00f3 sobre els drets de l\u2019infant.[\/vc_column_text][vc_empty_space height=\u00bb30px\u00bb][vc_separator type=\u00bbnormal\u00bb][vc_empty_space height=\u00bb20px\u00bb][vc_column_text] SERVEIS I PROGRAMES DE L&#8217;\u00c0REA...","og_url":"https:\/\/cfpmaresme.org\/es\/infancia-adolescencia-i-familia\/","og_site_name":"CFP Maresme","article_modified_time":"2024-10-24T09:48:14+00:00","twitter_card":"summary_large_image","twitter_site":"@cfpmaresme","twitter_misc":{"Tiempo de lectura":"3 minutos"},"schema":{"@context":"https:\/\/schema.org","@graph":[{"@type":"WebPage","@id":"https:\/\/cfpmaresme.org\/es\/infancia-adolescencia-i-familia\/","url":"https:\/\/cfpmaresme.org\/es\/infancia-adolescencia-i-familia\/","name":"Infancia, Adolescencia y Familia | CFP Maresme","isPartOf":{"@id":"https:\/\/cfpmaresme.org\/#website"},"datePublished":"2019-04-01T07:09:23+00:00","dateModified":"2024-10-24T09:48:14+00:00","breadcrumb":{"@id":"https:\/\/cfpmaresme.org\/es\/infancia-adolescencia-i-familia\/#breadcrumb"},"inLanguage":"es","potentialAction":[{"@type":"ReadAction","target":["https:\/\/cfpmaresme.org\/es\/infancia-adolescencia-i-familia\/"]}]},{"@type":"BreadcrumbList","@id":"https:\/\/cfpmaresme.org\/es\/infancia-adolescencia-i-familia\/#breadcrumb","itemListElement":[{"@type":"ListItem","position":1,"name":"Home","item":"https:\/\/cfpmaresme.org\/es\/"},{"@type":"ListItem","position":2,"name":"Infancia, Adolescencia y Familia"}]},{"@type":"WebSite","@id":"https:\/\/cfpmaresme.org\/#website","url":"https:\/\/cfpmaresme.org\/","name":"CFP Maresme","description":"Centre Formaci\u00f3 Prevenci\u00f3","potentialAction":[{"@type":"SearchAction","target":{"@type":"EntryPoint","urlTemplate":"https:\/\/cfpmaresme.org\/?s={search_term_string}"},"query-input":{"@type":"PropertyValueSpecification","valueRequired":true,"valueName":"search_term_string"}}],"inLanguage":"es"}]}},"_links":{"self":[{"href":"https:\/\/cfpmaresme.org\/es\/wp-json\/wp\/v2\/pages\/94698","targetHints":{"allow":["GET"]}}],"collection":[{"href":"https:\/\/cfpmaresme.org\/es\/wp-json\/wp\/v2\/pages"}],"about":[{"href":"https:\/\/cfpmaresme.org\/es\/wp-json\/wp\/v2\/types\/page"}],"author":[{"embeddable":true,"href":"https:\/\/cfpmaresme.org\/es\/wp-json\/wp\/v2\/users\/2"}],"replies":[{"embeddable":true,"href":"https:\/\/cfpmaresme.org\/es\/wp-json\/wp\/v2\/comments?post=94698"}],"version-history":[{"count":3,"href":"https:\/\/cfpmaresme.org\/es\/wp-json\/wp\/v2\/pages\/94698\/revisions"}],"predecessor-version":[{"id":94754,"href":"https:\/\/cfpmaresme.org\/es\/wp-json\/wp\/v2\/pages\/94698\/revisions\/94754"}],"wp:attachment":[{"href":"https:\/\/cfpmaresme.org\/es\/wp-json\/wp\/v2\/media?parent=94698"}],"curies":[{"name":"wp","href":"https:\/\/api.w.org\/{rel}","templated":true}]}}